{"id":405,"date":"2022-01-11T16:12:18","date_gmt":"2022-01-11T15:12:18","guid":{"rendered":"https:\/\/transportandmore.eu\/?page_id=405"},"modified":"2024-04-17T14:50:15","modified_gmt":"2024-04-17T12:50:15","slug":"mentions-legales","status":"publish","type":"page","link":"https:\/\/transportandmore.eu\/pl\/mentions-legales\/","title":{"rendered":"Nota prawna"},"content":{"rendered":"\n<div style=\"height:100px\" aria-hidden=\"true\" class=\"wp-block-spacer\"><\/div>\n\n\n\n<h1 class=\"wp-block-heading has-text-align-center has-black-color has-text-color has-link-color wp-elements-a25d539f4b2075dd5bb0a9100aae8b92\">Nota prawna<\/h1>\n\n\n\n<p>Fast Cargo Logistics<br>34 Rue de l\u2019\u00e9glise<br>L-3636 Kayl<br>Luksemburg<\/p>\n\n\n\n<p>Fast Cargo Logistics S\u00e0rl<br>VAT\/VAT nr LU 25144318 RC B166045, Aut.min. 10021124, Kapita\u0142 zak\u0142adowy 60 000 \u20ac<\/p>\n\n\n\n<p>Dyrektor publikacji: M. CAMPLONE<\/p>\n\n\n\n<h2 class=\"wp-block-heading\">Projekt, produkcja i hosting:<\/h2>\n\n\n\n<p>Witryna jest rozwijana i hostowana przez NETSIVE z siedzib\u0105:<\/p>\n\n\n\n<p>Nr 8 Hala 3, Z.I Am Bruch<br>L-3327 &#8211; Crauthem (Luksemburg)<br>E-mail: contact@netsive.com<br>Telefon: +352 27 12 61 74<br>www.netsive.com<\/p>\n\n\n\n<h2 class=\"wp-block-heading\">Warunki us\u0142ugi<\/h2>\n\n\n\n<p>U\u017cytkownik potwierdza, \u017ce \u200b\u200bzapozna\u0142 si\u0119 z niniejsz\u0105 informacj\u0105 prawn\u0105 i zobowi\u0105zuje si\u0119 do jej przestrzegania. Potwierdza, \u017ce \u200b\u200bsprawdzi\u0142, czy konfiguracja komputera, z kt\u00f3rego korzysta, nie zawiera \u017cadnego wirusa ani innego \u201ez\u0142o\u015bliwego oprogramowania\u201d i \u017ce jest w idealnym stanie. U\u017cytkownik ponosi wy\u0142\u0105czn\u0105 odpowiedzialno\u015b\u0107 za wyb\u00f3r, wykorzystanie i interpretacj\u0119 danych, kt\u00f3re przegl\u0105da, pytania i transfery w Internecie.<\/p>\n\n\n\n<h2 class=\"wp-block-heading\">Zawarto\u015b\u0107 witryny<\/h2>\n\n\n\n<p>Fast Cargo Logistics zastrzega sobie prawo do poprawiania zawarto\u015bci tej strony w dowolnym czasie i bez uprzedzenia. Fast Cargo Logistics dok\u0142ada wszelkich stara\u0144, aby zapewni\u0107 u\u017cytkownikom informacje, ale nie ponosi odpowiedzialno\u015bci za b\u0142\u0119dy, brak dost\u0119pno\u015bci lub nieaktualno\u015b\u0107 informacji. W \u017cadnym wypadku informacje zawarte na tej stronie nie mog\u0105 stanowi\u0107 gwarancji w przypadku wyst\u0105pienia b\u0142\u0119d\u00f3w.<br>U\u017cytkownik, kt\u00f3ry zauwa\u017cy nie\u015bcis\u0142o\u015bci lub b\u0142\u0119dne informacje, proszony jest o poinformowanie Fast Cargo Logistics za po\u015brednictwem formularza kontaktowego.<\/p>\n\n\n\n<h2 class=\"wp-block-heading\">prawa autorskie<\/h2>\n\n\n\n<p>Wszystkie informacje dost\u0119pne w serwisie s\u0105 chronione prawem autorskim. O ile nie wskazano inaczej, powielanie tekst\u00f3w na tej stronie w celach komercyjnych lub niekomercyjnych jest zabronione.<br>Wszelkie wyj\u0105tki od tych zasad wymagaj\u0105 uprzedniej pisemnej zgody Fast Cargo Logistics.<br>Kredyt fotograficzny: O ile nie zaznaczono inaczej, zdj\u0119cia na tej stronie s\u0105 chronione prawem autorskim.<\/p>\n\n\n\n<h2 class=\"wp-block-heading\">Ochrona danych<\/h2>\n\n\n\n<p>Zgodnie z ustaw\u0105 z dnia 2 sierpnia 2002 r. o ochronie os\u00f3b fizycznych w zwi\u0105zku z przetwarzaniem danych osobowych (patrz pod adresem http:\/\/www.legilux.lu\/) u\u017cytkownikowi serwisu przys\u0142uguje w szczeg\u00f3lno\u015bci prawo dost\u0119pu, sprostowania i usuni\u0119cia dotycz\u0105cych go danych osobowych. U\u017cytkownik mo\u017ce skorzysta\u0107 z tych praw, wysy\u0142aj\u0105c wiadomo\u015b\u0107 do Fast Cargo Logistics.<\/p>\n\n\n\n<h2 class=\"wp-block-heading\">Kontakt<\/h2>\n\n\n\n<p>Fast Cargo Logistics SARL<br>34 Rue de l\u2019\u00e9glise<br>L-3636 Kayl<br>Luksemburg<\/p>\n\n\n\n<div style=\"height:100px\" aria-hidden=\"true\" class=\"wp-block-spacer\"><\/div>\n","protected":false},"excerpt":{"rendered":"<p>Nota prawna Fast Cargo Logistics34 Rue de l\u2019\u00e9gliseL-3636 KaylLuksemburg Fast Cargo Logistics S\u00e0rlVAT\/VAT nr LU 25144318 RC B166045, Aut.min. 10021124, Kapita\u0142 zak\u0142adowy 60 000 \u20ac Dyrektor publikacji: M. CAMPLONE Projekt, produkcja i hosting: Witryna jest rozwijana i hostowana przez NETSIVE z siedzib\u0105: Nr 8 Hala 3, Z.I Am BruchL-3327 &#8211; Crauthem (Luksemburg)E-mail: contact@netsive.comTelefon: +352 27 [&hellip;]<\/p>\n","protected":false},"author":1,"featured_media":0,"parent":0,"menu_order":0,"comment_status":"closed","ping_status":"closed","template":"","meta":{"_acf_changed":false,"footnotes":""},"class_list":["post-405","page","type-page","status-publish","hentry"],"acf":[],"yoast_head":"<!-- This site is optimized with the Yoast SEO plugin v26.5 - https:\/\/yoast.com\/wordpress\/plugins\/seo\/ -->\n<title>Nota prawna - Fast Cargo Logistics<\/title>\n<meta name=\"robots\" content=\"index, follow, max-snippet:-1, max-image-preview:large, max-video-preview:-1\" \/>\n<link rel=\"canonical\" href=\"https:\/\/transportandmore.eu\/pl\/mentions-legales\/\" \/>\n<meta property=\"og:locale\" content=\"pl_PL\" \/>\n<meta property=\"og:type\" content=\"article\" \/>\n<meta property=\"og:title\" content=\"Nota prawna - Fast Cargo Logistics\" \/>\n<meta property=\"og:description\" content=\"Nota prawna Fast Cargo Logistics34 Rue de l\u2019\u00e9gliseL-3636 KaylLuksemburg Fast Cargo Logistics S\u00e0rlVAT\/VAT nr LU 25144318 RC B166045, Aut.min. 10021124, Kapita\u0142 zak\u0142adowy 60 000 \u20ac Dyrektor publikacji: M. CAMPLONE Projekt, produkcja i hosting: Witryna jest rozwijana i hostowana przez NETSIVE z siedzib\u0105: Nr 8 Hala 3, Z.I Am BruchL-3327 &#8211; Crauthem (Luksemburg)E-mail: contact@netsive.comTelefon: +352 27 [&hellip;]\" \/>\n<meta property=\"og:url\" content=\"https:\/\/transportandmore.eu\/pl\/mentions-legales\/\" \/>\n<meta property=\"og:site_name\" content=\"Fast Cargo Logistics\" \/>\n<meta property=\"article:modified_time\" content=\"2024-04-17T12:50:15+00:00\" \/>\n<meta property=\"og:image\" content=\"https:\/\/transportandmore.eu\/wp-content\/uploads\/2024\/04\/fast-cargo-logistics-social-logo.jpg\" \/>\n\t<meta property=\"og:image:width\" content=\"1200\" \/>\n\t<meta property=\"og:image:height\" content=\"675\" \/>\n\t<meta property=\"og:image:type\" content=\"image\/jpeg\" \/>\n<meta name=\"twitter:card\" content=\"summary_large_image\" \/>\n<meta name=\"twitter:label1\" content=\"Szacowany czas czytania\" \/>\n\t<meta name=\"twitter:data1\" content=\"2 minuty\" \/>\n<script type=\"application\/ld+json\" class=\"yoast-schema-graph\">{\"@context\":\"https:\/\/schema.org\",\"@graph\":[{\"@type\":\"WebPage\",\"@id\":\"https:\/\/transportandmore.eu\/pl\/mentions-legales\/\",\"url\":\"https:\/\/transportandmore.eu\/pl\/mentions-legales\/\",\"name\":\"Nota prawna - Fast Cargo Logistics\",\"isPartOf\":{\"@id\":\"https:\/\/transportandmore.eu\/#website\"},\"datePublished\":\"2022-01-11T15:12:18+00:00\",\"dateModified\":\"2024-04-17T12:50:15+00:00\",\"breadcrumb\":{\"@id\":\"https:\/\/transportandmore.eu\/pl\/mentions-legales\/#breadcrumb\"},\"inLanguage\":\"pl-PL\",\"potentialAction\":[{\"@type\":\"ReadAction\",\"target\":[\"https:\/\/transportandmore.eu\/pl\/mentions-legales\/\"]}]},{\"@type\":\"BreadcrumbList\",\"@id\":\"https:\/\/transportandmore.eu\/pl\/mentions-legales\/#breadcrumb\",\"itemListElement\":[{\"@type\":\"ListItem\",\"position\":1,\"name\":\"Home\",\"item\":\"https:\/\/transportandmore.eu\/pl\/\"},{\"@type\":\"ListItem\",\"position\":2,\"name\":\"Nota prawna\"}]},{\"@type\":\"WebSite\",\"@id\":\"https:\/\/transportandmore.eu\/#website\",\"url\":\"https:\/\/transportandmore.eu\/\",\"name\":\"Fast Cargo Logistics\",\"description\":\"Transport and more\",\"publisher\":{\"@id\":\"https:\/\/transportandmore.eu\/#organization\"},\"alternateName\":\"FCL\",\"potentialAction\":[{\"@type\":\"SearchAction\",\"target\":{\"@type\":\"EntryPoint\",\"urlTemplate\":\"https:\/\/transportandmore.eu\/?s={search_term_string}\"},\"query-input\":{\"@type\":\"PropertyValueSpecification\",\"valueRequired\":true,\"valueName\":\"search_term_string\"}}],\"inLanguage\":\"pl-PL\"},{\"@type\":\"Organization\",\"@id\":\"https:\/\/transportandmore.eu\/#organization\",\"name\":\"Fast Cargo Logistics\",\"alternateName\":\"FCL\",\"url\":\"https:\/\/transportandmore.eu\/\",\"logo\":{\"@type\":\"ImageObject\",\"inLanguage\":\"pl-PL\",\"@id\":\"https:\/\/transportandmore.eu\/#\/schema\/logo\/image\/\",\"url\":\"https:\/\/transportandmore.eu\/wp-content\/uploads\/2024\/04\/logo-social.png\",\"contentUrl\":\"https:\/\/transportandmore.eu\/wp-content\/uploads\/2024\/04\/logo-social.png\",\"width\":696,\"height\":696,\"caption\":\"Fast Cargo Logistics\"},\"image\":{\"@id\":\"https:\/\/transportandmore.eu\/#\/schema\/logo\/image\/\"}}]}<\/script>\n<!-- \/ Yoast SEO plugin. -->","yoast_head_json":{"title":"Nota prawna - Fast Cargo Logistics","robots":{"index":"index","follow":"follow","max-snippet":"max-snippet:-1","max-image-preview":"max-image-preview:large","max-video-preview":"max-video-preview:-1"},"canonical":"https:\/\/transportandmore.eu\/pl\/mentions-legales\/","og_locale":"pl_PL","og_type":"article","og_title":"Nota prawna - Fast Cargo Logistics","og_description":"Nota prawna Fast Cargo Logistics34 Rue de l\u2019\u00e9gliseL-3636 KaylLuksemburg Fast Cargo Logistics S\u00e0rlVAT\/VAT nr LU 25144318 RC B166045, Aut.min. 10021124, Kapita\u0142 zak\u0142adowy 60 000 \u20ac Dyrektor publikacji: M. CAMPLONE Projekt, produkcja i hosting: Witryna jest rozwijana i hostowana przez NETSIVE z siedzib\u0105: Nr 8 Hala 3, Z.I Am BruchL-3327 &#8211; Crauthem (Luksemburg)E-mail: contact@netsive.comTelefon: +352 27 [&hellip;]","og_url":"https:\/\/transportandmore.eu\/pl\/mentions-legales\/","og_site_name":"Fast Cargo Logistics","article_modified_time":"2024-04-17T12:50:15+00:00","og_image":[{"width":1200,"height":675,"url":"https:\/\/transportandmore.eu\/wp-content\/uploads\/2024\/04\/fast-cargo-logistics-social-logo.jpg","type":"image\/jpeg"}],"twitter_card":"summary_large_image","twitter_misc":{"Szacowany czas czytania":"2 minuty"},"schema":{"@context":"https:\/\/schema.org","@graph":[{"@type":"WebPage","@id":"https:\/\/transportandmore.eu\/pl\/mentions-legales\/","url":"https:\/\/transportandmore.eu\/pl\/mentions-legales\/","name":"Nota prawna - Fast Cargo Logistics","isPartOf":{"@id":"https:\/\/transportandmore.eu\/#website"},"datePublished":"2022-01-11T15:12:18+00:00","dateModified":"2024-04-17T12:50:15+00:00","breadcrumb":{"@id":"https:\/\/transportandmore.eu\/pl\/mentions-legales\/#breadcrumb"},"inLanguage":"pl-PL","potentialAction":[{"@type":"ReadAction","target":["https:\/\/transportandmore.eu\/pl\/mentions-legales\/"]}]},{"@type":"BreadcrumbList","@id":"https:\/\/transportandmore.eu\/pl\/mentions-legales\/#breadcrumb","itemListElement":[{"@type":"ListItem","position":1,"name":"Home","item":"https:\/\/transportandmore.eu\/pl\/"},{"@type":"ListItem","position":2,"name":"Nota prawna"}]},{"@type":"WebSite","@id":"https:\/\/transportandmore.eu\/#website","url":"https:\/\/transportandmore.eu\/","name":"Fast Cargo Logistics","description":"Transport and more","publisher":{"@id":"https:\/\/transportandmore.eu\/#organization"},"alternateName":"FCL","potentialAction":[{"@type":"SearchAction","target":{"@type":"EntryPoint","urlTemplate":"https:\/\/transportandmore.eu\/?s={search_term_string}"},"query-input":{"@type":"PropertyValueSpecification","valueRequired":true,"valueName":"search_term_string"}}],"inLanguage":"pl-PL"},{"@type":"Organization","@id":"https:\/\/transportandmore.eu\/#organization","name":"Fast Cargo Logistics","alternateName":"FCL","url":"https:\/\/transportandmore.eu\/","logo":{"@type":"ImageObject","inLanguage":"pl-PL","@id":"https:\/\/transportandmore.eu\/#\/schema\/logo\/image\/","url":"https:\/\/transportandmore.eu\/wp-content\/uploads\/2024\/04\/logo-social.png","contentUrl":"https:\/\/transportandmore.eu\/wp-content\/uploads\/2024\/04\/logo-social.png","width":696,"height":696,"caption":"Fast Cargo Logistics"},"image":{"@id":"https:\/\/transportandmore.eu\/#\/schema\/logo\/image\/"}}]}},"_links":{"self":[{"href":"https:\/\/transportandmore.eu\/pl\/wp-json\/wp\/v2\/pages\/405","targetHints":{"allow":["GET"]}}],"collection":[{"href":"https:\/\/transportandmore.eu\/pl\/wp-json\/wp\/v2\/pages"}],"about":[{"href":"https:\/\/transportandmore.eu\/pl\/wp-json\/wp\/v2\/types\/page"}],"author":[{"embeddable":true,"href":"https:\/\/transportandmore.eu\/pl\/wp-json\/wp\/v2\/users\/1"}],"replies":[{"embeddable":true,"href":"https:\/\/transportandmore.eu\/pl\/wp-json\/wp\/v2\/comments?post=405"}],"version-history":[{"count":8,"href":"https:\/\/transportandmore.eu\/pl\/wp-json\/wp\/v2\/pages\/405\/revisions"}],"predecessor-version":[{"id":705,"href":"https:\/\/transportandmore.eu\/pl\/wp-json\/wp\/v2\/pages\/405\/revisions\/705"}],"wp:attachment":[{"href":"https:\/\/transportandmore.eu\/pl\/wp-json\/wp\/v2\/media?parent=405"}],"curies":[{"name":"wp","href":"https:\/\/api.w.org\/{rel}","templated":true}]}}