{"id":364,"date":"2022-01-11T15:35:34","date_gmt":"2022-01-11T14:35:34","guid":{"rendered":"https:\/\/transportandmore.eu\/?page_id=364"},"modified":"2024-04-17T12:26:11","modified_gmt":"2024-04-17T10:26:11","slug":"cookies","status":"publish","type":"page","link":"https:\/\/transportandmore.eu\/pl\/cookies\/","title":{"rendered":"Cookies"},"content":{"rendered":"\n<div style=\"height:100px\" aria-hidden=\"true\" class=\"wp-block-spacer\"><\/div>\n\n\n\n<h1 class=\"wp-block-heading has-text-align-center has-black-color has-text-color has-link-color wp-elements-a695073585859f27f3234321fc9c52c9\">Polityka plik\u00f3w cookie<\/h1>\n\n\n\n<h2 class=\"wp-block-heading\">1. Co to jest plik cookie<\/h2>\n\n\n\n<p>Plik cookie (lub ciasteczko) jest definiowany przez protok\u00f3\u0142 komunikacyjny HTTP jako sekwencja informacji wysy\u0142anych przez serwer HTTP do klienta HTTP, kt\u00f3re klient HTTP zwraca podczas ka\u017cdego odpytywania tego samego serwera HTTP w okre\u015blonych warunkach.<\/p>\n\n\n\n<p>Plik cookie jest odpowiednikiem ma\u0142ego pliku tekstowego przechowywanego na terminalu u\u017cytkownika. Jest on wysy\u0142any jako nag\u0142\u00f3wek HTTP przez serwer WWW do przegl\u0105darki internetowej, kt\u00f3ra zwraca go w niezmienionej postaci za ka\u017cdym razem, gdy uzyskuje dost\u0119p do serwera.<\/p>\n\n\n\n<p>Plik cookie mo\u017ce by\u0107 u\u017cywany do uwierzytelniania, sesji (utrzymania stanu) i przechowywania okre\u015blonych informacji o u\u017cytkowniku, takich jak preferencje witryny lub zawarto\u015b\u0107 elektronicznego koszyka na zakupy.<\/p>\n\n\n\n<p>Poniewa\u017c pliki cookie s\u0105 zwykle przechowywane jako proste pliki tekstowe, nie s\u0105 one wykonywalne. Nie s\u0105 ani oprogramowaniem szpieguj\u0105cym, ani wirusami.<\/p>\n\n\n\n<p>Wi\u0119kszo\u015b\u0107 najnowszych przegl\u0105darek pozwala u\u017cytkownikom decydowa\u0107 o akceptowaniu lub odrzucaniu plik\u00f3w cookie. U\u017cytkownicy mog\u0105 r\u00f3wnie\u017c wybra\u0107 czas przechowywania plik\u00f3w cookie. Jednak ca\u0142kowite odrzucenie plik\u00f3w cookie uniemo\u017cliwia korzystanie z niekt\u00f3rych witryn. Na przyk\u0142ad koszyki sklepowe lub witryny wymagaj\u0105ce po\u0142\u0105czenia z przestrzeni\u0105 klienta. \u0179r\u00f3d\u0142o: www.wikipedia.org<\/p>\n\n\n\n<h2 class=\"wp-block-heading\">2. Korzystanie z plik\u00f3w cookie na naszej stronie<\/h2>\n\n\n\n<p>Przy ka\u017cdym po\u0142\u0105czeniu z nasz\u0105 witryn\u0105, w zale\u017cno\u015bci od wyboru dokonanego przez u\u017cytkownika, w jego terminalu mog\u0105 by\u0107 instalowane r\u00f3\u017cne pliki cookie, umo\u017cliwiaj\u0105ce nam na przyk\u0142ad rozpoznanie u\u017cywanej przegl\u0105darki internetowej.<\/p>\n\n\n\n<p>S\u0105 to pliki cookie zwi\u0105zane z faktycznym dzia\u0142aniem witryny.<\/p>\n\n\n\n<p>Te pliki cookie umo\u017cliwiaj\u0105<\/p>\n\n\n\n<p>generowanie statystyk korzystania z element\u00f3w obecnych na naszej stronie (nag\u0142\u00f3wki, podnag\u0142\u00f3wki, produkty, us\u0142ugi itp&#8230;) w celu poprawy codziennego do\u015bwiadczenia zwi\u0105zanego z wizyt\u0105.<\/p>\n\n\n\n<p>dostosowanie ergonomii i projektu UX naszej witryny do preferencji wy\u015bwietlania terminala (j\u0119zyk u\u017cytkowania, rozdzielczo\u015b\u0107 wy\u015bwietlacza itp.) podczas nawigacji.<\/p>\n\n\n\n<p>po\u0142\u0105czenie danych kontaktowych lub danych osobowych i informacji nawigacyjnych podczas rejestracji lub dost\u0119pu do naszych produkt\u00f3w i us\u0142ug w celu wysy\u0142ania wiadomo\u015bci e-mail, kt\u00f3re mog\u0105 Ci\u0119 zainteresowa\u0107.<\/p>\n\n\n\n<p>Rejestracja przez przegl\u0105dark\u0119 internetow\u0105 informacji zwi\u0105zanych z formularzem wype\u0142nionym na naszej stronie (na przyk\u0142ad rejestracja lub dost\u0119p do strefy klienta) lub z naszymi produktami i us\u0142ugami (na przyk\u0142ad subskrybowana us\u0142uga lub szczeg\u00f3\u0142y rezerwacji).<\/p>\n\n\n\n<p>Dost\u0119p do zastrze\u017conych obszar\u00f3w nawigacji na naszej stronie internetowej, takich jak obszar klienta, na przyk\u0142ad za po\u015brednictwem identyfikator\u00f3w i danych, kt\u00f3re u\u017cytkownik powierzy\u0142 nam p\u00f3\u017aniej.<\/p>\n\n\n\n<p>Wdro\u017cenie \u015brodk\u00f3w bezpiecze\u0144stwa, na przyk\u0142ad podczas zaproszenia do po\u0142\u0105czenia si\u0119 z ca\u0142o\u015bci\u0105 lub cz\u0119\u015bci\u0105 strony internetowej lub z jednym z naszych produkt\u00f3w i us\u0142ug po up\u0142ywie okre\u015blonego czasu. Uwaga, odmowa korzystania z tych plik\u00f3w cookie mo\u017ce mie\u0107 wp\u0142yw na jako\u015b\u0107 wizyty i do\u015bwiadczenia u\u017cytkownika.<\/p>\n\n\n\n<p>Aby dowiedzie\u0107 si\u0119 wi\u0119cej o plikach cookie i ich dzia\u0142aniu, odwied\u017a stron\u0119: <a href=\"http:\/\/www.allaboutcookies.org\/\">www.allaboutcookies.org<\/a><\/p>\n\n\n\n<h2 class=\"wp-block-heading\">3. KORZYSTANIE Z \u201eCOOKIES\u201d OS\u00d3B TRZECICH<\/h2>\n\n\n\n<p>Obrazy i inne obiekty zawarte na stronie internetowej mog\u0105 znajdowa\u0107 si\u0119 na innych serwerach ni\u017c ten, na kt\u00f3rym znajduje si\u0119 strona. Aby wy\u015bwietli\u0107 stron\u0119, przegl\u0105darka pobiera wszystkie te obiekty. Wi\u0119kszo\u015b\u0107 stron internetowych zawiera informacje z r\u00f3\u017cnych \u017ar\u00f3de\u0142.<\/p>\n\n\n\n<p>Na przyk\u0142ad, je\u015bli wpiszesz www.example.com w przegl\u0105darce, cz\u0119sto na cz\u0119\u015bci strony pojawi\u0105 si\u0119 obiekty lub reklamy pochodz\u0105ce z r\u00f3\u017cnych \u017ar\u00f3de\u0142, tj. z domeny innej ni\u017c www .example.com.<\/p>\n\n\n\n<p>W\u0142asne pliki cookie to pliki cookie, kt\u00f3re s\u0105 ustawiane przez domen\u0119 wprowadzon\u0105 w pasku adresu przegl\u0105darki. Pliki cookie stron trzecich s\u0105 ustawiane przez jeden z obiekt\u00f3w strony, kt\u00f3re pochodz\u0105 z innej domeny.<\/p>\n\n\n\n<p>Domy\u015blnie przegl\u0105darki takie jak Mozilla Firefox, Microsoft Internet Explorer i Opera akceptuj\u0105 pliki cookie innych firm, ale u\u017cytkownicy mog\u0105 zmieni\u0107 ustawienia w opcjach przegl\u0105darki, aby je zablokowa\u0107.<\/p>\n\n\n\n<p>Pliki cookie stron trzecich, kt\u00f3re umo\u017cliwiaj\u0105 dzia\u0142anie sieci, nie stanowi\u0105 zagro\u017cenia dla bezpiecze\u0144stwa.<\/p>\n\n\n\n<p>Te pliki cookie stron trzecich mog\u0105, na przyk\u0142ad, umo\u017cliwia\u0107 nam tworzenie statystyk (na przyk\u0142ad za po\u015brednictwem Google Analytics lub Xiti), oferowanie ukierunkowanych tre\u015bci na podstawie centr\u00f3w zainteresowa\u0144 u\u017cytkownika, preferencji lub identyfikowanie strony internetowej strony trzeciej. np. pochodzenie, kt\u00f3re przekierowa\u0142o Ci\u0119 na nasz\u0105 stron\u0119 internetow\u0105.<\/p>\n\n\n\n<p>Te pliki cookie stron trzecich mog\u0105 r\u00f3wnie\u017c umo\u017cliwia\u0107 identyfikacj\u0119 i udost\u0119pnianie ca\u0142o\u015bci lub cz\u0119\u015bci zawarto\u015bci naszej witryny w sieciach spo\u0142eczno\u015bciowych, na przyk\u0142ad za pomoc\u0105 funkcji \u201eudost\u0119pniaj\u201d lub \u201elubi\u0119 to\u201d.<\/p>\n\n\n\n<p>Aby dowiedzie\u0107 si\u0119 wi\u0119cej o korzystaniu z plik\u00f3w cookie przez r\u00f3\u017cne sieci spo\u0142eczno\u015bciowe (lista nie jest wyczerpuj\u0105ca), przejd\u017a do:<\/p>\n\n\n\n<p>Facebook: https:\/\/www.facebook.com\/about\/ads<\/p>\n\n\n\n<p>Instagram: https:\/\/help.instagram.com\/1896641480634370?ref=ig<\/p>\n\n\n\n<p>Twitter: https:\/\/support.twitter.com\/articles\/20170518<\/p>\n\n\n\n<p>Snapchat: https:\/\/www.snap.com\/fr-FR\/cookie-policy\/<\/p>\n\n\n\n<p>Google+: http:\/\/www.google.com\/policies\/technologies\/cookies\/<\/p>\n\n\n\n<p>Pinterest: https:\/\/help.pinterest.com\/fr\/articles\/personalization-and-data<\/p>\n\n\n\n<h2 class=\"wp-block-heading\">4. KONFIGURACJA \u201eCOOKIES\u201d W PRZEGL\u0104DARCE INTERNETOWEJ<\/h2>\n\n\n\n<p>Aby dowiedzie\u0107 si\u0119 wi\u0119cej o ustawieniach i konfiguracji plik\u00f3w cookies w Twojej przegl\u0105darce, przejd\u017a do poni\u017cszych link\u00f3w:<\/p>\n\n\n\n<p>dla Chrome \u2122: http:\/\/support.google.com\/chrome\/bin\/answer.py?hl=fr&amp;hlrm=pl&amp;answer=95647;<br>dla Safari\u2122: http:\/\/www.apple.com\/fr\/privacy\/use-of-cookies;<br>dla Microsoft Edge\u2122: https:\/\/privacy.microsoft.com\/fr-fr\/windows-10-microsoft-edge-and-privacy;<br>dla przegl\u0105darki Firefox\u2122: http:\/\/support.mozilla.org\/fr\/kb\/Activer%20et%20d%C3%A9sactiver%20les%20cookies;<br>dla Opery \u2122: http:\/\/help.opera.com\/Windows\/10.20\/fr\/cookies.html.<\/p>\n\n\n\n<p>W przypadku dowolnej innej przegl\u0105darki zapraszamy do wyszukania informacji w wybranej przez siebie wyszukiwarce internetowej lub do skontaktowania si\u0119 z mened\u017cerem lub dostawc\u0105 rozwi\u0105za\u0144 IT.<\/p>\n\n\n\n<div style=\"height:100px\" aria-hidden=\"true\" class=\"wp-block-spacer\"><\/div>\n","protected":false},"excerpt":{"rendered":"<p>Polityka plik\u00f3w cookie 1. Co to jest plik cookie Plik cookie (lub ciasteczko) jest definiowany przez protok\u00f3\u0142 komunikacyjny HTTP jako sekwencja informacji wysy\u0142anych przez serwer HTTP do klienta HTTP, kt\u00f3re klient HTTP zwraca podczas ka\u017cdego odpytywania tego samego serwera HTTP w okre\u015blonych warunkach. Plik cookie jest odpowiednikiem ma\u0142ego pliku tekstowego przechowywanego na terminalu u\u017cytkownika. Jest [&hellip;]<\/p>\n","protected":false},"author":1,"featured_media":0,"parent":0,"menu_order":0,"comment_status":"closed","ping_status":"closed","template":"","meta":{"_acf_changed":false,"footnotes":""},"class_list":["post-364","page","type-page","status-publish","hentry"],"acf":[],"yoast_head":"<!-- This site is optimized with the Yoast SEO plugin v26.5 - https:\/\/yoast.com\/wordpress\/plugins\/seo\/ -->\n<title>Cookies - Fast Cargo Logistics<\/title>\n<meta name=\"robots\" content=\"index, follow, max-snippet:-1, max-image-preview:large, max-video-preview:-1\" \/>\n<link rel=\"canonical\" href=\"https:\/\/transportandmore.eu\/pl\/cookies\/\" \/>\n<meta property=\"og:locale\" content=\"pl_PL\" \/>\n<meta property=\"og:type\" content=\"article\" \/>\n<meta property=\"og:title\" content=\"Cookies - Fast Cargo Logistics\" \/>\n<meta property=\"og:description\" content=\"Polityka plik\u00f3w cookie 1. Co to jest plik cookie Plik cookie (lub ciasteczko) jest definiowany przez protok\u00f3\u0142 komunikacyjny HTTP jako sekwencja informacji wysy\u0142anych przez serwer HTTP do klienta HTTP, kt\u00f3re klient HTTP zwraca podczas ka\u017cdego odpytywania tego samego serwera HTTP w okre\u015blonych warunkach. Plik cookie jest odpowiednikiem ma\u0142ego pliku tekstowego przechowywanego na terminalu u\u017cytkownika. Jest [&hellip;]\" \/>\n<meta property=\"og:url\" content=\"https:\/\/transportandmore.eu\/pl\/cookies\/\" \/>\n<meta property=\"og:site_name\" content=\"Fast Cargo Logistics\" \/>\n<meta property=\"article:modified_time\" content=\"2024-04-17T10:26:11+00:00\" \/>\n<meta property=\"og:image\" content=\"https:\/\/transportandmore.eu\/wp-content\/uploads\/2024\/04\/fast-cargo-logistics-social-logo.jpg\" \/>\n\t<meta property=\"og:image:width\" content=\"1200\" \/>\n\t<meta property=\"og:image:height\" content=\"675\" \/>\n\t<meta property=\"og:image:type\" content=\"image\/jpeg\" \/>\n<meta name=\"twitter:card\" content=\"summary_large_image\" \/>\n<meta name=\"twitter:label1\" content=\"Szacowany czas czytania\" \/>\n\t<meta name=\"twitter:data1\" content=\"4 minuty\" \/>\n<script type=\"application\/ld+json\" class=\"yoast-schema-graph\">{\"@context\":\"https:\/\/schema.org\",\"@graph\":[{\"@type\":\"WebPage\",\"@id\":\"https:\/\/transportandmore.eu\/pl\/cookies\/\",\"url\":\"https:\/\/transportandmore.eu\/pl\/cookies\/\",\"name\":\"Cookies - Fast Cargo Logistics\",\"isPartOf\":{\"@id\":\"https:\/\/transportandmore.eu\/#website\"},\"datePublished\":\"2022-01-11T14:35:34+00:00\",\"dateModified\":\"2024-04-17T10:26:11+00:00\",\"breadcrumb\":{\"@id\":\"https:\/\/transportandmore.eu\/pl\/cookies\/#breadcrumb\"},\"inLanguage\":\"pl-PL\",\"potentialAction\":[{\"@type\":\"ReadAction\",\"target\":[\"https:\/\/transportandmore.eu\/pl\/cookies\/\"]}]},{\"@type\":\"BreadcrumbList\",\"@id\":\"https:\/\/transportandmore.eu\/pl\/cookies\/#breadcrumb\",\"itemListElement\":[{\"@type\":\"ListItem\",\"position\":1,\"name\":\"Home\",\"item\":\"https:\/\/transportandmore.eu\/pl\/\"},{\"@type\":\"ListItem\",\"position\":2,\"name\":\"Cookies\"}]},{\"@type\":\"WebSite\",\"@id\":\"https:\/\/transportandmore.eu\/#website\",\"url\":\"https:\/\/transportandmore.eu\/\",\"name\":\"Fast Cargo Logistics\",\"description\":\"Transport and more\",\"publisher\":{\"@id\":\"https:\/\/transportandmore.eu\/#organization\"},\"alternateName\":\"FCL\",\"potentialAction\":[{\"@type\":\"SearchAction\",\"target\":{\"@type\":\"EntryPoint\",\"urlTemplate\":\"https:\/\/transportandmore.eu\/?s={search_term_string}\"},\"query-input\":{\"@type\":\"PropertyValueSpecification\",\"valueRequired\":true,\"valueName\":\"search_term_string\"}}],\"inLanguage\":\"pl-PL\"},{\"@type\":\"Organization\",\"@id\":\"https:\/\/transportandmore.eu\/#organization\",\"name\":\"Fast Cargo Logistics\",\"alternateName\":\"FCL\",\"url\":\"https:\/\/transportandmore.eu\/\",\"logo\":{\"@type\":\"ImageObject\",\"inLanguage\":\"pl-PL\",\"@id\":\"https:\/\/transportandmore.eu\/#\/schema\/logo\/image\/\",\"url\":\"https:\/\/transportandmore.eu\/wp-content\/uploads\/2024\/04\/logo-social.png\",\"contentUrl\":\"https:\/\/transportandmore.eu\/wp-content\/uploads\/2024\/04\/logo-social.png\",\"width\":696,\"height\":696,\"caption\":\"Fast Cargo Logistics\"},\"image\":{\"@id\":\"https:\/\/transportandmore.eu\/#\/schema\/logo\/image\/\"}}]}<\/script>\n<!-- \/ Yoast SEO plugin. -->","yoast_head_json":{"title":"Cookies - Fast Cargo Logistics","robots":{"index":"index","follow":"follow","max-snippet":"max-snippet:-1","max-image-preview":"max-image-preview:large","max-video-preview":"max-video-preview:-1"},"canonical":"https:\/\/transportandmore.eu\/pl\/cookies\/","og_locale":"pl_PL","og_type":"article","og_title":"Cookies - Fast Cargo Logistics","og_description":"Polityka plik\u00f3w cookie 1. Co to jest plik cookie Plik cookie (lub ciasteczko) jest definiowany przez protok\u00f3\u0142 komunikacyjny HTTP jako sekwencja informacji wysy\u0142anych przez serwer HTTP do klienta HTTP, kt\u00f3re klient HTTP zwraca podczas ka\u017cdego odpytywania tego samego serwera HTTP w okre\u015blonych warunkach. Plik cookie jest odpowiednikiem ma\u0142ego pliku tekstowego przechowywanego na terminalu u\u017cytkownika. Jest [&hellip;]","og_url":"https:\/\/transportandmore.eu\/pl\/cookies\/","og_site_name":"Fast Cargo Logistics","article_modified_time":"2024-04-17T10:26:11+00:00","og_image":[{"width":1200,"height":675,"url":"https:\/\/transportandmore.eu\/wp-content\/uploads\/2024\/04\/fast-cargo-logistics-social-logo.jpg","type":"image\/jpeg"}],"twitter_card":"summary_large_image","twitter_misc":{"Szacowany czas czytania":"4 minuty"},"schema":{"@context":"https:\/\/schema.org","@graph":[{"@type":"WebPage","@id":"https:\/\/transportandmore.eu\/pl\/cookies\/","url":"https:\/\/transportandmore.eu\/pl\/cookies\/","name":"Cookies - Fast Cargo Logistics","isPartOf":{"@id":"https:\/\/transportandmore.eu\/#website"},"datePublished":"2022-01-11T14:35:34+00:00","dateModified":"2024-04-17T10:26:11+00:00","breadcrumb":{"@id":"https:\/\/transportandmore.eu\/pl\/cookies\/#breadcrumb"},"inLanguage":"pl-PL","potentialAction":[{"@type":"ReadAction","target":["https:\/\/transportandmore.eu\/pl\/cookies\/"]}]},{"@type":"BreadcrumbList","@id":"https:\/\/transportandmore.eu\/pl\/cookies\/#breadcrumb","itemListElement":[{"@type":"ListItem","position":1,"name":"Home","item":"https:\/\/transportandmore.eu\/pl\/"},{"@type":"ListItem","position":2,"name":"Cookies"}]},{"@type":"WebSite","@id":"https:\/\/transportandmore.eu\/#website","url":"https:\/\/transportandmore.eu\/","name":"Fast Cargo Logistics","description":"Transport and more","publisher":{"@id":"https:\/\/transportandmore.eu\/#organization"},"alternateName":"FCL","potentialAction":[{"@type":"SearchAction","target":{"@type":"EntryPoint","urlTemplate":"https:\/\/transportandmore.eu\/?s={search_term_string}"},"query-input":{"@type":"PropertyValueSpecification","valueRequired":true,"valueName":"search_term_string"}}],"inLanguage":"pl-PL"},{"@type":"Organization","@id":"https:\/\/transportandmore.eu\/#organization","name":"Fast Cargo Logistics","alternateName":"FCL","url":"https:\/\/transportandmore.eu\/","logo":{"@type":"ImageObject","inLanguage":"pl-PL","@id":"https:\/\/transportandmore.eu\/#\/schema\/logo\/image\/","url":"https:\/\/transportandmore.eu\/wp-content\/uploads\/2024\/04\/logo-social.png","contentUrl":"https:\/\/transportandmore.eu\/wp-content\/uploads\/2024\/04\/logo-social.png","width":696,"height":696,"caption":"Fast Cargo Logistics"},"image":{"@id":"https:\/\/transportandmore.eu\/#\/schema\/logo\/image\/"}}]}},"_links":{"self":[{"href":"https:\/\/transportandmore.eu\/pl\/wp-json\/wp\/v2\/pages\/364","targetHints":{"allow":["GET"]}}],"collection":[{"href":"https:\/\/transportandmore.eu\/pl\/wp-json\/wp\/v2\/pages"}],"about":[{"href":"https:\/\/transportandmore.eu\/pl\/wp-json\/wp\/v2\/types\/page"}],"author":[{"embeddable":true,"href":"https:\/\/transportandmore.eu\/pl\/wp-json\/wp\/v2\/users\/1"}],"replies":[{"embeddable":true,"href":"https:\/\/transportandmore.eu\/pl\/wp-json\/wp\/v2\/comments?post=364"}],"version-history":[{"count":3,"href":"https:\/\/transportandmore.eu\/pl\/wp-json\/wp\/v2\/pages\/364\/revisions"}],"predecessor-version":[{"id":696,"href":"https:\/\/transportandmore.eu\/pl\/wp-json\/wp\/v2\/pages\/364\/revisions\/696"}],"wp:attachment":[{"href":"https:\/\/transportandmore.eu\/pl\/wp-json\/wp\/v2\/media?parent=364"}],"curies":[{"name":"wp","href":"https:\/\/api.w.org\/{rel}","templated":true}]}}