{"id":327,"date":"2022-01-11T12:31:25","date_gmt":"2022-01-11T11:31:25","guid":{"rendered":"https:\/\/transportandmore.eu\/?page_id=327"},"modified":"2024-04-17T12:09:03","modified_gmt":"2024-04-17T10:09:03","slug":"dostawcy","status":"publish","type":"page","link":"https:\/\/transportandmore.eu\/pl\/dostawcy\/","title":{"rendered":"Dostawcy"},"content":{"rendered":"\n<div class=\"wp-block-cover is-light has-parallax has-white-color has-text-color has-link-color wp-elements-49c3d3b98e759d741b7bef777128a5c2\"><span aria-hidden=\"true\" class=\"wp-block-cover__background has-background-dim-30 has-background-dim\"><\/span><div role=\"img\" class=\"wp-block-cover__image-background wp-image-286 has-parallax\" style=\"background-position:50% 50%;background-image:url(https:\/\/transportandmore.eu\/wp-content\/uploads\/2022\/01\/futuracargo-transport-logistique-partenariat-1.jpg)\"><\/div><div class=\"wp-block-cover__inner-container is-layout-flow wp-block-cover-is-layout-flow\">\n<h1 class=\"wp-block-heading\">Dostawcy<\/h1>\n\n\n\n<p>Nasza warto\u015b\u0107 dodana<\/p>\n<\/div><\/div>\n\n\n\n<blockquote class=\"wp-block-quote has-text-align-center is-style-large is-layout-flow wp-block-quote-is-layout-flow\">\n<p>Razem mo\u017cemy przej\u015b\u0107 d\u0142ug\u0105 drog\u0119!<\/p>\n<\/blockquote>\n\n\n\n<div class=\"wp-block-media-text alignwide has-media-on-the-right is-stacked-on-mobile is-vertically-aligned-center\"><div class=\"wp-block-media-text__content\">\n<p>Jeste\u015b nasz\u0105 warto\u015bci\u0105 dodan\u0105.<\/p>\n\n\n\n<p>Ustanowienie partnerstwa jest delikatne i wymaga wzajemnego zaanga\u017cowania.<\/p>\n\n\n\n<p>Nasze umowy s\u0105 dowodem naszego zaanga\u017cowania w budow\u0119 trwa\u0142ego zwi\u0105zku.<\/p>\n\n\n\n<p>Szybka p\u0142atno\u015b\u0107 r\u00f3wnie\u017c potwierdza szacunek kt\u00f3re mamy dla naszych dostawc\u00f3w.<\/p>\n\n\n\n<p>Aby pom\u00f3c nam z naszymi warto\u015bciami, prosimy o kontakt.<\/p>\n\n\n<a class=\"qodef-m-button qodef-html--link qodef-button qodef-layout--textual \" href=\"\/pl\/#contact\"><span class=\"qodef-m-button-icon\"><svg class=\"qodef-svg--plus\" xmlns=\"http:\/\/www.w3.org\/2000\/svg\" xmlns:xlink=\"http:\/\/www.w3.org\/1999\/xlink\" width=\"14\" height=\"14\" viewBox=\"0 0 14 14\"><path class=\"qodef-m-horizontal\" d=\"M0,0H14V2H0Z\" transform=\"translate(0 6)\"><\/path><path class=\"qodef-m-vertical\" d=\"M0,0H2V14H0Z\" transform=\"translate(6)\"><\/path><\/svg><\/span><span class=\"qodef-m-button-text\">Skontaktuj si\u0119 z nami<\/span><\/a><\/div><figure class=\"wp-block-media-text__media\"><img decoding=\"async\" width=\"800\" height=\"408\" src=\"https:\/\/transportandmore.eu\/wp-content\/uploads\/2022\/01\/futuracargo-transport-logistique-fournisseurs.jpg\" alt=\"\" class=\"wp-image-264 size-full\" srcset=\"https:\/\/transportandmore.eu\/wp-content\/uploads\/2022\/01\/futuracargo-transport-logistique-fournisseurs.jpg 800w, https:\/\/transportandmore.eu\/wp-content\/uploads\/2022\/01\/futuracargo-transport-logistique-fournisseurs-300x153.jpg 300w, https:\/\/transportandmore.eu\/wp-content\/uploads\/2022\/01\/futuracargo-transport-logistique-fournisseurs-768x392.jpg 768w\" sizes=\"(max-width: 800px) 100vw, 800px\" \/><\/figure><\/div>\n","protected":false},"excerpt":{"rendered":"<p>Razem mo\u017cemy przej\u015b\u0107 d\u0142ug\u0105 drog\u0119!<\/p>\n","protected":false},"author":1,"featured_media":0,"parent":0,"menu_order":0,"comment_status":"closed","ping_status":"closed","template":"","meta":{"_acf_changed":false,"footnotes":""},"class_list":["post-327","page","type-page","status-publish","hentry"],"acf":[],"yoast_head":"<!-- This site is optimized with the Yoast SEO plugin v26.5 - https:\/\/yoast.com\/wordpress\/plugins\/seo\/ -->\n<title>Dostawcy - Fast Cargo Logistics<\/title>\n<meta name=\"robots\" content=\"index, follow, max-snippet:-1, max-image-preview:large, max-video-preview:-1\" \/>\n<link rel=\"canonical\" href=\"https:\/\/transportandmore.eu\/pl\/dostawcy\/\" \/>\n<meta property=\"og:locale\" content=\"pl_PL\" \/>\n<meta property=\"og:type\" content=\"article\" \/>\n<meta property=\"og:title\" content=\"Dostawcy - Fast Cargo Logistics\" \/>\n<meta property=\"og:description\" content=\"Razem mo\u017cemy przej\u015b\u0107 d\u0142ug\u0105 drog\u0119!\" \/>\n<meta property=\"og:url\" content=\"https:\/\/transportandmore.eu\/pl\/dostawcy\/\" \/>\n<meta property=\"og:site_name\" content=\"Fast Cargo Logistics\" \/>\n<meta property=\"article:modified_time\" content=\"2024-04-17T10:09:03+00:00\" \/>\n<meta property=\"og:image\" content=\"https:\/\/transportandmore.eu\/wp-content\/uploads\/2022\/01\/futuracargo-transport-logistique-fournisseurs.jpg\" \/>\n<meta name=\"twitter:card\" content=\"summary_large_image\" \/>\n<meta name=\"twitter:label1\" content=\"Szacowany czas czytania\" \/>\n\t<meta name=\"twitter:data1\" content=\"1 minuta\" \/>\n<script type=\"application\/ld+json\" class=\"yoast-schema-graph\">{\"@context\":\"https:\/\/schema.org\",\"@graph\":[{\"@type\":\"WebPage\",\"@id\":\"https:\/\/transportandmore.eu\/pl\/dostawcy\/\",\"url\":\"https:\/\/transportandmore.eu\/pl\/dostawcy\/\",\"name\":\"Dostawcy - Fast Cargo Logistics\",\"isPartOf\":{\"@id\":\"https:\/\/transportandmore.eu\/#website\"},\"primaryImageOfPage\":{\"@id\":\"https:\/\/transportandmore.eu\/pl\/dostawcy\/#primaryimage\"},\"image\":{\"@id\":\"https:\/\/transportandmore.eu\/pl\/dostawcy\/#primaryimage\"},\"thumbnailUrl\":\"https:\/\/transportandmore.eu\/wp-content\/uploads\/2022\/01\/futuracargo-transport-logistique-fournisseurs.jpg\",\"datePublished\":\"2022-01-11T11:31:25+00:00\",\"dateModified\":\"2024-04-17T10:09:03+00:00\",\"breadcrumb\":{\"@id\":\"https:\/\/transportandmore.eu\/pl\/dostawcy\/#breadcrumb\"},\"inLanguage\":\"pl-PL\",\"potentialAction\":[{\"@type\":\"ReadAction\",\"target\":[\"https:\/\/transportandmore.eu\/pl\/dostawcy\/\"]}]},{\"@type\":\"ImageObject\",\"inLanguage\":\"pl-PL\",\"@id\":\"https:\/\/transportandmore.eu\/pl\/dostawcy\/#primaryimage\",\"url\":\"https:\/\/transportandmore.eu\/wp-content\/uploads\/2022\/01\/futuracargo-transport-logistique-fournisseurs.jpg\",\"contentUrl\":\"https:\/\/transportandmore.eu\/wp-content\/uploads\/2022\/01\/futuracargo-transport-logistique-fournisseurs.jpg\"},{\"@type\":\"BreadcrumbList\",\"@id\":\"https:\/\/transportandmore.eu\/pl\/dostawcy\/#breadcrumb\",\"itemListElement\":[{\"@type\":\"ListItem\",\"position\":1,\"name\":\"Home\",\"item\":\"https:\/\/transportandmore.eu\/pl\/\"},{\"@type\":\"ListItem\",\"position\":2,\"name\":\"Dostawcy\"}]},{\"@type\":\"WebSite\",\"@id\":\"https:\/\/transportandmore.eu\/#website\",\"url\":\"https:\/\/transportandmore.eu\/\",\"name\":\"Fast Cargo Logistics\",\"description\":\"Transport and more\",\"publisher\":{\"@id\":\"https:\/\/transportandmore.eu\/#organization\"},\"alternateName\":\"FCL\",\"potentialAction\":[{\"@type\":\"SearchAction\",\"target\":{\"@type\":\"EntryPoint\",\"urlTemplate\":\"https:\/\/transportandmore.eu\/?s={search_term_string}\"},\"query-input\":{\"@type\":\"PropertyValueSpecification\",\"valueRequired\":true,\"valueName\":\"search_term_string\"}}],\"inLanguage\":\"pl-PL\"},{\"@type\":\"Organization\",\"@id\":\"https:\/\/transportandmore.eu\/#organization\",\"name\":\"Fast Cargo Logistics\",\"alternateName\":\"FCL\",\"url\":\"https:\/\/transportandmore.eu\/\",\"logo\":{\"@type\":\"ImageObject\",\"inLanguage\":\"pl-PL\",\"@id\":\"https:\/\/transportandmore.eu\/#\/schema\/logo\/image\/\",\"url\":\"https:\/\/transportandmore.eu\/wp-content\/uploads\/2024\/04\/logo-social.png\",\"contentUrl\":\"https:\/\/transportandmore.eu\/wp-content\/uploads\/2024\/04\/logo-social.png\",\"width\":696,\"height\":696,\"caption\":\"Fast Cargo Logistics\"},\"image\":{\"@id\":\"https:\/\/transportandmore.eu\/#\/schema\/logo\/image\/\"}}]}<\/script>\n<!-- \/ Yoast SEO plugin. -->","yoast_head_json":{"title":"Dostawcy - Fast Cargo Logistics","robots":{"index":"index","follow":"follow","max-snippet":"max-snippet:-1","max-image-preview":"max-image-preview:large","max-video-preview":"max-video-preview:-1"},"canonical":"https:\/\/transportandmore.eu\/pl\/dostawcy\/","og_locale":"pl_PL","og_type":"article","og_title":"Dostawcy - Fast Cargo Logistics","og_description":"Razem mo\u017cemy przej\u015b\u0107 d\u0142ug\u0105 drog\u0119!","og_url":"https:\/\/transportandmore.eu\/pl\/dostawcy\/","og_site_name":"Fast Cargo Logistics","article_modified_time":"2024-04-17T10:09:03+00:00","og_image":[{"url":"https:\/\/transportandmore.eu\/wp-content\/uploads\/2022\/01\/futuracargo-transport-logistique-fournisseurs.jpg","type":"","width":"","height":""}],"twitter_card":"summary_large_image","twitter_misc":{"Szacowany czas czytania":"1 minuta"},"schema":{"@context":"https:\/\/schema.org","@graph":[{"@type":"WebPage","@id":"https:\/\/transportandmore.eu\/pl\/dostawcy\/","url":"https:\/\/transportandmore.eu\/pl\/dostawcy\/","name":"Dostawcy - Fast Cargo Logistics","isPartOf":{"@id":"https:\/\/transportandmore.eu\/#website"},"primaryImageOfPage":{"@id":"https:\/\/transportandmore.eu\/pl\/dostawcy\/#primaryimage"},"image":{"@id":"https:\/\/transportandmore.eu\/pl\/dostawcy\/#primaryimage"},"thumbnailUrl":"https:\/\/transportandmore.eu\/wp-content\/uploads\/2022\/01\/futuracargo-transport-logistique-fournisseurs.jpg","datePublished":"2022-01-11T11:31:25+00:00","dateModified":"2024-04-17T10:09:03+00:00","breadcrumb":{"@id":"https:\/\/transportandmore.eu\/pl\/dostawcy\/#breadcrumb"},"inLanguage":"pl-PL","potentialAction":[{"@type":"ReadAction","target":["https:\/\/transportandmore.eu\/pl\/dostawcy\/"]}]},{"@type":"ImageObject","inLanguage":"pl-PL","@id":"https:\/\/transportandmore.eu\/pl\/dostawcy\/#primaryimage","url":"https:\/\/transportandmore.eu\/wp-content\/uploads\/2022\/01\/futuracargo-transport-logistique-fournisseurs.jpg","contentUrl":"https:\/\/transportandmore.eu\/wp-content\/uploads\/2022\/01\/futuracargo-transport-logistique-fournisseurs.jpg"},{"@type":"BreadcrumbList","@id":"https:\/\/transportandmore.eu\/pl\/dostawcy\/#breadcrumb","itemListElement":[{"@type":"ListItem","position":1,"name":"Home","item":"https:\/\/transportandmore.eu\/pl\/"},{"@type":"ListItem","position":2,"name":"Dostawcy"}]},{"@type":"WebSite","@id":"https:\/\/transportandmore.eu\/#website","url":"https:\/\/transportandmore.eu\/","name":"Fast Cargo Logistics","description":"Transport and more","publisher":{"@id":"https:\/\/transportandmore.eu\/#organization"},"alternateName":"FCL","potentialAction":[{"@type":"SearchAction","target":{"@type":"EntryPoint","urlTemplate":"https:\/\/transportandmore.eu\/?s={search_term_string}"},"query-input":{"@type":"PropertyValueSpecification","valueRequired":true,"valueName":"search_term_string"}}],"inLanguage":"pl-PL"},{"@type":"Organization","@id":"https:\/\/transportandmore.eu\/#organization","name":"Fast Cargo Logistics","alternateName":"FCL","url":"https:\/\/transportandmore.eu\/","logo":{"@type":"ImageObject","inLanguage":"pl-PL","@id":"https:\/\/transportandmore.eu\/#\/schema\/logo\/image\/","url":"https:\/\/transportandmore.eu\/wp-content\/uploads\/2024\/04\/logo-social.png","contentUrl":"https:\/\/transportandmore.eu\/wp-content\/uploads\/2024\/04\/logo-social.png","width":696,"height":696,"caption":"Fast Cargo Logistics"},"image":{"@id":"https:\/\/transportandmore.eu\/#\/schema\/logo\/image\/"}}]}},"_links":{"self":[{"href":"https:\/\/transportandmore.eu\/pl\/wp-json\/wp\/v2\/pages\/327","targetHints":{"allow":["GET"]}}],"collection":[{"href":"https:\/\/transportandmore.eu\/pl\/wp-json\/wp\/v2\/pages"}],"about":[{"href":"https:\/\/transportandmore.eu\/pl\/wp-json\/wp\/v2\/types\/page"}],"author":[{"embeddable":true,"href":"https:\/\/transportandmore.eu\/pl\/wp-json\/wp\/v2\/users\/1"}],"replies":[{"embeddable":true,"href":"https:\/\/transportandmore.eu\/pl\/wp-json\/wp\/v2\/comments?post=327"}],"version-history":[{"count":6,"href":"https:\/\/transportandmore.eu\/pl\/wp-json\/wp\/v2\/pages\/327\/revisions"}],"predecessor-version":[{"id":683,"href":"https:\/\/transportandmore.eu\/pl\/wp-json\/wp\/v2\/pages\/327\/revisions\/683"}],"wp:attachment":[{"href":"https:\/\/transportandmore.eu\/pl\/wp-json\/wp\/v2\/media?parent=327"}],"curies":[{"name":"wp","href":"https:\/\/api.w.org\/{rel}","templated":true}]}}