{"id":386,"date":"2022-01-11T15:57:35","date_gmt":"2022-01-11T14:57:35","guid":{"rendered":"https:\/\/transportandmore.eu\/?page_id=386"},"modified":"2024-04-17T14:49:30","modified_gmt":"2024-04-17T12:49:30","slug":"mentions-legales","status":"publish","type":"page","link":"https:\/\/transportandmore.eu\/fr\/mentions-legales\/","title":{"rendered":"Mentions l\u00e9gales"},"content":{"rendered":"\n<div style=\"height:100px\" aria-hidden=\"true\" class=\"wp-block-spacer\"><\/div>\n\n\n\n<h1 class=\"wp-block-heading has-text-align-center has-black-color has-text-color has-link-color wp-elements-90e1565e8a500487e11f9d944df9a98c\">Mentions l\u00e9gales<\/h1>\n\n\n\n<p>Fast Cargo Logistics<br>34 Rue de l\u2019\u00e9glise<br>L-3636 Kayl<br>Luxembourg<\/p>\n\n\n\n<p>Fast Cargo Logistics S\u00e0rl<br>TVA\/VAT nr LU 25144318 RC B166045, Aut.min. 10021124, Capital social 60 000\u20ac<\/p>\n\n\n\n<p><strong>Directeur de la publication:&nbsp;<\/strong>M. CAMPLONE<\/p>\n\n\n\n<h2 class=\"wp-block-heading\">Conception, r\u00e9alisation et h\u00e9bergement :<\/h2>\n\n\n\n<p>Le site est d\u00e9velopp\u00e9 et h\u00e9berg\u00e9 par NETSIVE situ\u00e9 :<\/p>\n\n\n\n<p>Netsive SARL<br>N\u00b08 Hall 3, Z.I Am Bruch<br>L-3327 &#8211; Crauthem (Luxembourg)<br>Email :&nbsp;<a href=\"mailto:contact@netsive.com\">contact@netsive.com<\/a><br>Tel : +352 27 12 61 74<br><a rel=\"noreferrer noopener\" href=\"http:\/\/www.netsive.com\/\" target=\"_blank\">www.netsive.com<\/a><\/p>\n\n\n\n<h2 class=\"wp-block-heading\"><strong>Conditions g\u00e9n\u00e9rales d&rsquo;utilisation<\/strong><\/h2>\n\n\n\n<p>L&rsquo;utilisateur reconna\u00eet avoir pris connaissance de la pr\u00e9sente mention l\u00e9gale et s&rsquo;engage \u00e0 la respecter. Il reconna\u00eet avoir v\u00e9rifi\u00e9 que la configuration informatique qu&rsquo;il utilise ne contient aucun virus ou tout autre \u00ab logiciel malintentionn\u00e9 \u00bb et qu&rsquo;elle est en parfait \u00e9tat de fonctionnement. L&rsquo;utilisateur est seul responsable du choix, de l&rsquo;utilisation et de l&rsquo;interpr\u00e9tation des donn\u00e9es qu&rsquo;il consulte, interroge et transf\u00e8re sur l&rsquo;Internet.<\/p>\n\n\n\n<h2 class=\"wp-block-heading\"><strong>Contenu du site<\/strong><\/h2>\n\n\n\n<p>Fast Cargo Logistics se r\u00e9serve le droit de corriger, \u00e0 tout moment et sans pr\u00e9avis, le contenu de ce site. Fast Cargo Logistics met tout en oeuvre pour offrir aux utilisateurs des informations mais ne saurait \u00eatre tenu pour responsable des erreurs, d&rsquo;une absence de disponibilit\u00e9 ou du caract\u00e8re caduque des informations. En aucun cas les informations contenues dans ce site ne peuvent constituer une garantie en cas d\u2019erreurs.<br>L&rsquo;utilisateur qui constaterait des inexactitudes, des informations erron\u00e9es est invit\u00e9 \u00e0 en informer Fast Cargo Logistics via le formulaire de contact.<\/p>\n\n\n\n<h2 class=\"wp-block-heading\"><strong>Copyright<\/strong><\/h2>\n\n\n\n<p>Toutes les informations disponibles sur le site sont prot\u00e9g\u00e9es par le droit d\u2019auteur. En l&rsquo;absence d&rsquo;indication contraire, la reproduction des textes de ce site \u00e0 des fins commerciales ou non est prohib\u00e9e.<br>Toute exception \u00e0 ces r\u00e8gles requiert d&rsquo;obtenir au pr\u00e9alable un accord \u00e9crit de Fast Cargo Logistics.<br>Cr\u00e9dit photographiques : sauf mention contraire, les photographies de ce site Web sont prot\u00e9g\u00e9es par le droit d&rsquo;auteur.<\/p>\n\n\n\n<h2 class=\"wp-block-heading\"><strong>Protection des donn\u00e9es<\/strong><\/h2>\n\n\n\n<p>Conform\u00e9ment \u00e0 la loi du 2 ao\u00fbt 2002 relative \u00e0 la protection des personnes \u00e0 l&rsquo;\u00e9gard du traitement des donn\u00e9es \u00e0 caract\u00e8re personnel (voir sous http:\/\/www.legilux.lu\/ ), l\u2019utilisateur du site dispose notamment d\u2019un droit d&rsquo;acc\u00e8s, de rectification et de suppression portant sur les donn\u00e9es personnelles le concernant. L\u2019utilisateur pourra exercer ces droits en envoyant un message \u00e0 Fast Cargo Logistics.<\/p>\n\n\n\n<h2 class=\"wp-block-heading\"><strong>Contact<\/strong><\/h2>\n\n\n\n<p>Fast Cargo Logistics SARL<br>34 Rue de l\u2019\u00e9glise<br>L-3636 Kayl<br>Luxembourg<\/p>\n\n\n\n<div style=\"height:100px\" aria-hidden=\"true\" class=\"wp-block-spacer\"><\/div>\n","protected":false},"excerpt":{"rendered":"<p>Mentions l\u00e9gales Fast Cargo Logistics34 Rue de l\u2019\u00e9gliseL-3636 KaylLuxembourg Fast Cargo Logistics S\u00e0rlTVA\/VAT nr LU 25144318 RC B166045, Aut.min. 10021124, Capital social 60 000\u20ac Directeur de la publication:&nbsp;M. CAMPLONE Conception, r\u00e9alisation et h\u00e9bergement : Le site est d\u00e9velopp\u00e9 et h\u00e9berg\u00e9 par NETSIVE situ\u00e9 : Netsive SARLN\u00b08 Hall 3, Z.I Am BruchL-3327 &#8211; Crauthem (Luxembourg)Email :&nbsp;contact@netsive.comTel [&hellip;]<\/p>\n","protected":false},"author":1,"featured_media":0,"parent":0,"menu_order":0,"comment_status":"closed","ping_status":"closed","template":"","meta":{"_acf_changed":false,"footnotes":""},"class_list":["post-386","page","type-page","status-publish","hentry"],"acf":[],"yoast_head":"<!-- This site is optimized with the Yoast SEO plugin v26.5 - https:\/\/yoast.com\/wordpress\/plugins\/seo\/ -->\n<title>Mentions l\u00e9gales - Fast Cargo Logistics<\/title>\n<meta name=\"robots\" content=\"index, follow, max-snippet:-1, max-image-preview:large, max-video-preview:-1\" \/>\n<link rel=\"canonical\" href=\"https:\/\/transportandmore.eu\/fr\/mentions-legales\/\" \/>\n<meta property=\"og:locale\" content=\"fr_FR\" \/>\n<meta property=\"og:type\" content=\"article\" \/>\n<meta property=\"og:title\" content=\"Mentions l\u00e9gales - Fast Cargo Logistics\" \/>\n<meta property=\"og:description\" content=\"Mentions l\u00e9gales Fast Cargo Logistics34 Rue de l\u2019\u00e9gliseL-3636 KaylLuxembourg Fast Cargo Logistics S\u00e0rlTVA\/VAT nr LU 25144318 RC B166045, Aut.min. 10021124, Capital social 60 000\u20ac Directeur de la publication:&nbsp;M. CAMPLONE Conception, r\u00e9alisation et h\u00e9bergement : Le site est d\u00e9velopp\u00e9 et h\u00e9berg\u00e9 par NETSIVE situ\u00e9 : Netsive SARLN\u00b08 Hall 3, Z.I Am BruchL-3327 &#8211; Crauthem (Luxembourg)Email :&nbsp;contact@netsive.comTel [&hellip;]\" \/>\n<meta property=\"og:url\" content=\"https:\/\/transportandmore.eu\/fr\/mentions-legales\/\" \/>\n<meta property=\"og:site_name\" content=\"Fast Cargo Logistics\" \/>\n<meta property=\"article:modified_time\" content=\"2024-04-17T12:49:30+00:00\" \/>\n<meta property=\"og:image\" content=\"https:\/\/transportandmore.eu\/wp-content\/uploads\/2024\/04\/fast-cargo-logistics-social-logo.jpg\" \/>\n\t<meta property=\"og:image:width\" content=\"1200\" \/>\n\t<meta property=\"og:image:height\" content=\"675\" \/>\n\t<meta property=\"og:image:type\" content=\"image\/jpeg\" \/>\n<meta name=\"twitter:card\" content=\"summary_large_image\" \/>\n<meta name=\"twitter:label1\" content=\"Dur\u00e9e de lecture estim\u00e9e\" \/>\n\t<meta name=\"twitter:data1\" content=\"2 minutes\" \/>\n<script type=\"application\/ld+json\" class=\"yoast-schema-graph\">{\"@context\":\"https:\/\/schema.org\",\"@graph\":[{\"@type\":\"WebPage\",\"@id\":\"https:\/\/transportandmore.eu\/fr\/mentions-legales\/\",\"url\":\"https:\/\/transportandmore.eu\/fr\/mentions-legales\/\",\"name\":\"Mentions l\u00e9gales - Fast Cargo Logistics\",\"isPartOf\":{\"@id\":\"https:\/\/transportandmore.eu\/#website\"},\"datePublished\":\"2022-01-11T14:57:35+00:00\",\"dateModified\":\"2024-04-17T12:49:30+00:00\",\"breadcrumb\":{\"@id\":\"https:\/\/transportandmore.eu\/fr\/mentions-legales\/#breadcrumb\"},\"inLanguage\":\"fr-FR\",\"potentialAction\":[{\"@type\":\"ReadAction\",\"target\":[\"https:\/\/transportandmore.eu\/fr\/mentions-legales\/\"]}]},{\"@type\":\"BreadcrumbList\",\"@id\":\"https:\/\/transportandmore.eu\/fr\/mentions-legales\/#breadcrumb\",\"itemListElement\":[{\"@type\":\"ListItem\",\"position\":1,\"name\":\"Home\",\"item\":\"https:\/\/transportandmore.eu\/fr\/\"},{\"@type\":\"ListItem\",\"position\":2,\"name\":\"Mentions l\u00e9gales\"}]},{\"@type\":\"WebSite\",\"@id\":\"https:\/\/transportandmore.eu\/#website\",\"url\":\"https:\/\/transportandmore.eu\/\",\"name\":\"Fast Cargo Logistics\",\"description\":\"Transport and more\",\"publisher\":{\"@id\":\"https:\/\/transportandmore.eu\/#organization\"},\"alternateName\":\"FCL\",\"potentialAction\":[{\"@type\":\"SearchAction\",\"target\":{\"@type\":\"EntryPoint\",\"urlTemplate\":\"https:\/\/transportandmore.eu\/?s={search_term_string}\"},\"query-input\":{\"@type\":\"PropertyValueSpecification\",\"valueRequired\":true,\"valueName\":\"search_term_string\"}}],\"inLanguage\":\"fr-FR\"},{\"@type\":\"Organization\",\"@id\":\"https:\/\/transportandmore.eu\/#organization\",\"name\":\"Fast Cargo Logistics\",\"alternateName\":\"FCL\",\"url\":\"https:\/\/transportandmore.eu\/\",\"logo\":{\"@type\":\"ImageObject\",\"inLanguage\":\"fr-FR\",\"@id\":\"https:\/\/transportandmore.eu\/#\/schema\/logo\/image\/\",\"url\":\"https:\/\/transportandmore.eu\/wp-content\/uploads\/2024\/04\/logo-social.png\",\"contentUrl\":\"https:\/\/transportandmore.eu\/wp-content\/uploads\/2024\/04\/logo-social.png\",\"width\":696,\"height\":696,\"caption\":\"Fast Cargo Logistics\"},\"image\":{\"@id\":\"https:\/\/transportandmore.eu\/#\/schema\/logo\/image\/\"}}]}<\/script>\n<!-- \/ Yoast SEO plugin. -->","yoast_head_json":{"title":"Mentions l\u00e9gales - Fast Cargo Logistics","robots":{"index":"index","follow":"follow","max-snippet":"max-snippet:-1","max-image-preview":"max-image-preview:large","max-video-preview":"max-video-preview:-1"},"canonical":"https:\/\/transportandmore.eu\/fr\/mentions-legales\/","og_locale":"fr_FR","og_type":"article","og_title":"Mentions l\u00e9gales - Fast Cargo Logistics","og_description":"Mentions l\u00e9gales Fast Cargo Logistics34 Rue de l\u2019\u00e9gliseL-3636 KaylLuxembourg Fast Cargo Logistics S\u00e0rlTVA\/VAT nr LU 25144318 RC B166045, Aut.min. 10021124, Capital social 60 000\u20ac Directeur de la publication:&nbsp;M. CAMPLONE Conception, r\u00e9alisation et h\u00e9bergement : Le site est d\u00e9velopp\u00e9 et h\u00e9berg\u00e9 par NETSIVE situ\u00e9 : Netsive SARLN\u00b08 Hall 3, Z.I Am BruchL-3327 &#8211; Crauthem (Luxembourg)Email :&nbsp;contact@netsive.comTel [&hellip;]","og_url":"https:\/\/transportandmore.eu\/fr\/mentions-legales\/","og_site_name":"Fast Cargo Logistics","article_modified_time":"2024-04-17T12:49:30+00:00","og_image":[{"width":1200,"height":675,"url":"https:\/\/transportandmore.eu\/wp-content\/uploads\/2024\/04\/fast-cargo-logistics-social-logo.jpg","type":"image\/jpeg"}],"twitter_card":"summary_large_image","twitter_misc":{"Dur\u00e9e de lecture estim\u00e9e":"2 minutes"},"schema":{"@context":"https:\/\/schema.org","@graph":[{"@type":"WebPage","@id":"https:\/\/transportandmore.eu\/fr\/mentions-legales\/","url":"https:\/\/transportandmore.eu\/fr\/mentions-legales\/","name":"Mentions l\u00e9gales - Fast Cargo Logistics","isPartOf":{"@id":"https:\/\/transportandmore.eu\/#website"},"datePublished":"2022-01-11T14:57:35+00:00","dateModified":"2024-04-17T12:49:30+00:00","breadcrumb":{"@id":"https:\/\/transportandmore.eu\/fr\/mentions-legales\/#breadcrumb"},"inLanguage":"fr-FR","potentialAction":[{"@type":"ReadAction","target":["https:\/\/transportandmore.eu\/fr\/mentions-legales\/"]}]},{"@type":"BreadcrumbList","@id":"https:\/\/transportandmore.eu\/fr\/mentions-legales\/#breadcrumb","itemListElement":[{"@type":"ListItem","position":1,"name":"Home","item":"https:\/\/transportandmore.eu\/fr\/"},{"@type":"ListItem","position":2,"name":"Mentions l\u00e9gales"}]},{"@type":"WebSite","@id":"https:\/\/transportandmore.eu\/#website","url":"https:\/\/transportandmore.eu\/","name":"Fast Cargo Logistics","description":"Transport and more","publisher":{"@id":"https:\/\/transportandmore.eu\/#organization"},"alternateName":"FCL","potentialAction":[{"@type":"SearchAction","target":{"@type":"EntryPoint","urlTemplate":"https:\/\/transportandmore.eu\/?s={search_term_string}"},"query-input":{"@type":"PropertyValueSpecification","valueRequired":true,"valueName":"search_term_string"}}],"inLanguage":"fr-FR"},{"@type":"Organization","@id":"https:\/\/transportandmore.eu\/#organization","name":"Fast Cargo Logistics","alternateName":"FCL","url":"https:\/\/transportandmore.eu\/","logo":{"@type":"ImageObject","inLanguage":"fr-FR","@id":"https:\/\/transportandmore.eu\/#\/schema\/logo\/image\/","url":"https:\/\/transportandmore.eu\/wp-content\/uploads\/2024\/04\/logo-social.png","contentUrl":"https:\/\/transportandmore.eu\/wp-content\/uploads\/2024\/04\/logo-social.png","width":696,"height":696,"caption":"Fast Cargo Logistics"},"image":{"@id":"https:\/\/transportandmore.eu\/#\/schema\/logo\/image\/"}}]}},"_links":{"self":[{"href":"https:\/\/transportandmore.eu\/fr\/wp-json\/wp\/v2\/pages\/386","targetHints":{"allow":["GET"]}}],"collection":[{"href":"https:\/\/transportandmore.eu\/fr\/wp-json\/wp\/v2\/pages"}],"about":[{"href":"https:\/\/transportandmore.eu\/fr\/wp-json\/wp\/v2\/types\/page"}],"author":[{"embeddable":true,"href":"https:\/\/transportandmore.eu\/fr\/wp-json\/wp\/v2\/users\/1"}],"replies":[{"embeddable":true,"href":"https:\/\/transportandmore.eu\/fr\/wp-json\/wp\/v2\/comments?post=386"}],"version-history":[{"count":13,"href":"https:\/\/transportandmore.eu\/fr\/wp-json\/wp\/v2\/pages\/386\/revisions"}],"predecessor-version":[{"id":703,"href":"https:\/\/transportandmore.eu\/fr\/wp-json\/wp\/v2\/pages\/386\/revisions\/703"}],"wp:attachment":[{"href":"https:\/\/transportandmore.eu\/fr\/wp-json\/wp\/v2\/media?parent=386"}],"curies":[{"name":"wp","href":"https:\/\/api.w.org\/{rel}","templated":true}]}}