{"id":193,"date":"2022-01-10T16:21:32","date_gmt":"2022-01-10T15:21:32","guid":{"rendered":"https:\/\/transportandmore.eu\/?page_id=193"},"modified":"2024-04-19T12:08:05","modified_gmt":"2024-04-19T10:08:05","slug":"clients","status":"publish","type":"page","link":"https:\/\/transportandmore.eu\/fr\/clients\/","title":{"rendered":"Clients"},"content":{"rendered":"\n<div class=\"wp-block-cover has-parallax is-light has-white-color has-text-color has-link-color wp-elements-21824376c8da40d03a2409e7b06c5008\"><span aria-hidden=\"true\" class=\"wp-block-cover__background has-background-dim-30 has-background-dim\"><\/span><div role=\"img\" class=\"wp-block-cover__image-background wp-image-276 has-parallax\" style=\"background-position:50% 50%;background-image:url(https:\/\/transportandmore.eu\/wp-content\/uploads\/2022\/01\/futuracargo-transport-logistique-client-1.jpg)\"><\/div><div class=\"wp-block-cover__inner-container is-layout-flow wp-block-cover-is-layout-flow\">\n<h1 class=\"wp-block-heading\">Clients<\/h1>\n\n\n\n<p>Notre savoir-faire \u00e0 votre service<\/p>\n<\/div><\/div>\n\n\n\n<blockquote class=\"wp-block-quote has-text-align-center is-style-large is-layout-flow wp-block-quote-is-layout-flow\">\n<p>Parce que nous le disons et surtout\u2026 Nous le faisons&nbsp;!<\/p>\n<\/blockquote>\n\n\n\n<div class=\"wp-block-media-text alignwide is-stacked-on-mobile is-vertically-aligned-center\" style=\"grid-template-columns:40% auto\"><figure class=\"wp-block-media-text__media\"><img decoding=\"async\" width=\"1024\" height=\"473\" src=\"https:\/\/transportandmore.eu\/wp-content\/uploads\/2022\/01\/futuracargo-transport-logistique-clients-1-1024x473.jpg\" alt=\"\" class=\"wp-image-228 size-full\" srcset=\"https:\/\/transportandmore.eu\/wp-content\/uploads\/2022\/01\/futuracargo-transport-logistique-clients-1-1024x473.jpg 1024w, https:\/\/transportandmore.eu\/wp-content\/uploads\/2022\/01\/futuracargo-transport-logistique-clients-1-300x139.jpg 300w, https:\/\/transportandmore.eu\/wp-content\/uploads\/2022\/01\/futuracargo-transport-logistique-clients-1-768x355.jpg 768w, https:\/\/transportandmore.eu\/wp-content\/uploads\/2022\/01\/futuracargo-transport-logistique-clients-1.jpg 1400w\" sizes=\"(max-width: 1024px) 100vw, 1024px\" \/><\/figure><div class=\"wp-block-media-text__content\">\n<p>Nous avons une panoplie de solutions \u00e0 votre service pour \u00e9voluer ensemble et devenir ainsi votre r\u00e9elle valeur ajout\u00e9e.<\/p>\n\n\n\n<p>Nous pouvons g\u00e9rer votre fret avec des solutions informatiques modernes, flexibles qui garantissent une tra\u00e7abilit\u00e9 et un suivi de qualit\u00e9 permanent.<\/p>\n\n\n\n<p>Nos clients sont des multinationales comme de petites pme. A chacun sa solution et un suivi personnalis\u00e9.<\/p>\n\n\n\n<p>Notre engagement et la transparence de la gestion au quotidien de vos exp\u00e9ditions sont les clefs de notre d\u00e9veloppement et de votre succ\u00e8s.<\/p>\n\n\n<a class=\"qodef-m-button qodef-html--link qodef-button qodef-layout--textual \" href=\"\/#contact\"><span class=\"qodef-m-button-icon\"><svg class=\"qodef-svg--plus\" xmlns=\"http:\/\/www.w3.org\/2000\/svg\" xmlns:xlink=\"http:\/\/www.w3.org\/1999\/xlink\" width=\"14\" height=\"14\" viewBox=\"0 0 14 14\"><path class=\"qodef-m-horizontal\" d=\"M0,0H14V2H0Z\" transform=\"translate(0 6)\"><\/path><path class=\"qodef-m-vertical\" d=\"M0,0H2V14H0Z\" transform=\"translate(6)\"><\/path><\/svg><\/span><span class=\"qodef-m-button-text\">Contactez-nous<\/span><\/a><\/div><\/div>\n","protected":false},"excerpt":{"rendered":"<p>Parce que nous le disons et surtout\u2026 Nous le faisons&nbsp;!<\/p>\n","protected":false},"author":1,"featured_media":0,"parent":0,"menu_order":0,"comment_status":"closed","ping_status":"closed","template":"","meta":{"_acf_changed":false,"footnotes":""},"class_list":["post-193","page","type-page","status-publish","hentry"],"acf":[],"yoast_head":"<!-- This site is optimized with the Yoast SEO plugin v26.5 - https:\/\/yoast.com\/wordpress\/plugins\/seo\/ -->\n<title>Clients - Fast Cargo Logistics - Transport and more<\/title>\n<meta name=\"description\" content=\"D\u00e9couvrez nos solutions de fret adapt\u00e9es \u00e0 votre entreprise. Gestion du transport sur mesure et suivi personnalis\u00e9.\" \/>\n<meta name=\"robots\" content=\"index, follow, max-snippet:-1, max-image-preview:large, max-video-preview:-1\" \/>\n<link rel=\"canonical\" href=\"https:\/\/transportandmore.eu\/fr\/clients\/\" \/>\n<meta property=\"og:locale\" content=\"fr_FR\" \/>\n<meta property=\"og:type\" content=\"article\" \/>\n<meta property=\"og:title\" content=\"Clients - Fast Cargo Logistics - Transport and more\" \/>\n<meta property=\"og:description\" content=\"D\u00e9couvrez nos solutions de fret adapt\u00e9es \u00e0 votre entreprise. Gestion du transport sur mesure et suivi personnalis\u00e9.\" \/>\n<meta property=\"og:url\" content=\"https:\/\/transportandmore.eu\/fr\/clients\/\" \/>\n<meta property=\"og:site_name\" content=\"Fast Cargo Logistics\" \/>\n<meta property=\"article:modified_time\" content=\"2024-04-19T10:08:05+00:00\" \/>\n<meta property=\"og:image\" content=\"https:\/\/transportandmore.eu\/wp-content\/uploads\/2022\/01\/futuracargo-transport-logistique-clients-1-1024x473.jpg\" \/>\n<meta name=\"twitter:card\" content=\"summary_large_image\" \/>\n<meta name=\"twitter:label1\" content=\"Dur\u00e9e de lecture estim\u00e9e\" \/>\n\t<meta name=\"twitter:data1\" content=\"1 minute\" \/>\n<script type=\"application\/ld+json\" class=\"yoast-schema-graph\">{\"@context\":\"https:\/\/schema.org\",\"@graph\":[{\"@type\":\"WebPage\",\"@id\":\"https:\/\/transportandmore.eu\/fr\/clients\/\",\"url\":\"https:\/\/transportandmore.eu\/fr\/clients\/\",\"name\":\"Clients - Fast Cargo Logistics - Transport and more\",\"isPartOf\":{\"@id\":\"https:\/\/transportandmore.eu\/#website\"},\"primaryImageOfPage\":{\"@id\":\"https:\/\/transportandmore.eu\/fr\/clients\/#primaryimage\"},\"image\":{\"@id\":\"https:\/\/transportandmore.eu\/fr\/clients\/#primaryimage\"},\"thumbnailUrl\":\"https:\/\/transportandmore.eu\/wp-content\/uploads\/2022\/01\/futuracargo-transport-logistique-clients-1-1024x473.jpg\",\"datePublished\":\"2022-01-10T15:21:32+00:00\",\"dateModified\":\"2024-04-19T10:08:05+00:00\",\"description\":\"D\u00e9couvrez nos solutions de fret adapt\u00e9es \u00e0 votre entreprise. Gestion du transport sur mesure et suivi personnalis\u00e9.\",\"breadcrumb\":{\"@id\":\"https:\/\/transportandmore.eu\/fr\/clients\/#breadcrumb\"},\"inLanguage\":\"fr-FR\",\"potentialAction\":[{\"@type\":\"ReadAction\",\"target\":[\"https:\/\/transportandmore.eu\/fr\/clients\/\"]}]},{\"@type\":\"ImageObject\",\"inLanguage\":\"fr-FR\",\"@id\":\"https:\/\/transportandmore.eu\/fr\/clients\/#primaryimage\",\"url\":\"https:\/\/transportandmore.eu\/wp-content\/uploads\/2022\/01\/futuracargo-transport-logistique-clients-1-1024x473.jpg\",\"contentUrl\":\"https:\/\/transportandmore.eu\/wp-content\/uploads\/2022\/01\/futuracargo-transport-logistique-clients-1-1024x473.jpg\"},{\"@type\":\"BreadcrumbList\",\"@id\":\"https:\/\/transportandmore.eu\/fr\/clients\/#breadcrumb\",\"itemListElement\":[{\"@type\":\"ListItem\",\"position\":1,\"name\":\"Home\",\"item\":\"https:\/\/transportandmore.eu\/fr\/\"},{\"@type\":\"ListItem\",\"position\":2,\"name\":\"Clients\"}]},{\"@type\":\"WebSite\",\"@id\":\"https:\/\/transportandmore.eu\/#website\",\"url\":\"https:\/\/transportandmore.eu\/\",\"name\":\"Fast Cargo Logistics\",\"description\":\"Transport and more\",\"publisher\":{\"@id\":\"https:\/\/transportandmore.eu\/#organization\"},\"alternateName\":\"FCL\",\"potentialAction\":[{\"@type\":\"SearchAction\",\"target\":{\"@type\":\"EntryPoint\",\"urlTemplate\":\"https:\/\/transportandmore.eu\/?s={search_term_string}\"},\"query-input\":{\"@type\":\"PropertyValueSpecification\",\"valueRequired\":true,\"valueName\":\"search_term_string\"}}],\"inLanguage\":\"fr-FR\"},{\"@type\":\"Organization\",\"@id\":\"https:\/\/transportandmore.eu\/#organization\",\"name\":\"Fast Cargo Logistics\",\"alternateName\":\"FCL\",\"url\":\"https:\/\/transportandmore.eu\/\",\"logo\":{\"@type\":\"ImageObject\",\"inLanguage\":\"fr-FR\",\"@id\":\"https:\/\/transportandmore.eu\/#\/schema\/logo\/image\/\",\"url\":\"https:\/\/transportandmore.eu\/wp-content\/uploads\/2024\/04\/logo-social.png\",\"contentUrl\":\"https:\/\/transportandmore.eu\/wp-content\/uploads\/2024\/04\/logo-social.png\",\"width\":696,\"height\":696,\"caption\":\"Fast Cargo Logistics\"},\"image\":{\"@id\":\"https:\/\/transportandmore.eu\/#\/schema\/logo\/image\/\"}}]}<\/script>\n<!-- \/ Yoast SEO plugin. -->","yoast_head_json":{"title":"Clients - Fast Cargo Logistics - Transport and more","description":"D\u00e9couvrez nos solutions de fret adapt\u00e9es \u00e0 votre entreprise. Gestion du transport sur mesure et suivi personnalis\u00e9.","robots":{"index":"index","follow":"follow","max-snippet":"max-snippet:-1","max-image-preview":"max-image-preview:large","max-video-preview":"max-video-preview:-1"},"canonical":"https:\/\/transportandmore.eu\/fr\/clients\/","og_locale":"fr_FR","og_type":"article","og_title":"Clients - Fast Cargo Logistics - Transport and more","og_description":"D\u00e9couvrez nos solutions de fret adapt\u00e9es \u00e0 votre entreprise. Gestion du transport sur mesure et suivi personnalis\u00e9.","og_url":"https:\/\/transportandmore.eu\/fr\/clients\/","og_site_name":"Fast Cargo Logistics","article_modified_time":"2024-04-19T10:08:05+00:00","og_image":[{"url":"https:\/\/transportandmore.eu\/wp-content\/uploads\/2022\/01\/futuracargo-transport-logistique-clients-1-1024x473.jpg","type":"","width":"","height":""}],"twitter_card":"summary_large_image","twitter_misc":{"Dur\u00e9e de lecture estim\u00e9e":"1 minute"},"schema":{"@context":"https:\/\/schema.org","@graph":[{"@type":"WebPage","@id":"https:\/\/transportandmore.eu\/fr\/clients\/","url":"https:\/\/transportandmore.eu\/fr\/clients\/","name":"Clients - Fast Cargo Logistics - Transport and more","isPartOf":{"@id":"https:\/\/transportandmore.eu\/#website"},"primaryImageOfPage":{"@id":"https:\/\/transportandmore.eu\/fr\/clients\/#primaryimage"},"image":{"@id":"https:\/\/transportandmore.eu\/fr\/clients\/#primaryimage"},"thumbnailUrl":"https:\/\/transportandmore.eu\/wp-content\/uploads\/2022\/01\/futuracargo-transport-logistique-clients-1-1024x473.jpg","datePublished":"2022-01-10T15:21:32+00:00","dateModified":"2024-04-19T10:08:05+00:00","description":"D\u00e9couvrez nos solutions de fret adapt\u00e9es \u00e0 votre entreprise. Gestion du transport sur mesure et suivi personnalis\u00e9.","breadcrumb":{"@id":"https:\/\/transportandmore.eu\/fr\/clients\/#breadcrumb"},"inLanguage":"fr-FR","potentialAction":[{"@type":"ReadAction","target":["https:\/\/transportandmore.eu\/fr\/clients\/"]}]},{"@type":"ImageObject","inLanguage":"fr-FR","@id":"https:\/\/transportandmore.eu\/fr\/clients\/#primaryimage","url":"https:\/\/transportandmore.eu\/wp-content\/uploads\/2022\/01\/futuracargo-transport-logistique-clients-1-1024x473.jpg","contentUrl":"https:\/\/transportandmore.eu\/wp-content\/uploads\/2022\/01\/futuracargo-transport-logistique-clients-1-1024x473.jpg"},{"@type":"BreadcrumbList","@id":"https:\/\/transportandmore.eu\/fr\/clients\/#breadcrumb","itemListElement":[{"@type":"ListItem","position":1,"name":"Home","item":"https:\/\/transportandmore.eu\/fr\/"},{"@type":"ListItem","position":2,"name":"Clients"}]},{"@type":"WebSite","@id":"https:\/\/transportandmore.eu\/#website","url":"https:\/\/transportandmore.eu\/","name":"Fast Cargo Logistics","description":"Transport and more","publisher":{"@id":"https:\/\/transportandmore.eu\/#organization"},"alternateName":"FCL","potentialAction":[{"@type":"SearchAction","target":{"@type":"EntryPoint","urlTemplate":"https:\/\/transportandmore.eu\/?s={search_term_string}"},"query-input":{"@type":"PropertyValueSpecification","valueRequired":true,"valueName":"search_term_string"}}],"inLanguage":"fr-FR"},{"@type":"Organization","@id":"https:\/\/transportandmore.eu\/#organization","name":"Fast Cargo Logistics","alternateName":"FCL","url":"https:\/\/transportandmore.eu\/","logo":{"@type":"ImageObject","inLanguage":"fr-FR","@id":"https:\/\/transportandmore.eu\/#\/schema\/logo\/image\/","url":"https:\/\/transportandmore.eu\/wp-content\/uploads\/2024\/04\/logo-social.png","contentUrl":"https:\/\/transportandmore.eu\/wp-content\/uploads\/2024\/04\/logo-social.png","width":696,"height":696,"caption":"Fast Cargo Logistics"},"image":{"@id":"https:\/\/transportandmore.eu\/#\/schema\/logo\/image\/"}}]}},"_links":{"self":[{"href":"https:\/\/transportandmore.eu\/fr\/wp-json\/wp\/v2\/pages\/193","targetHints":{"allow":["GET"]}}],"collection":[{"href":"https:\/\/transportandmore.eu\/fr\/wp-json\/wp\/v2\/pages"}],"about":[{"href":"https:\/\/transportandmore.eu\/fr\/wp-json\/wp\/v2\/types\/page"}],"author":[{"embeddable":true,"href":"https:\/\/transportandmore.eu\/fr\/wp-json\/wp\/v2\/users\/1"}],"replies":[{"embeddable":true,"href":"https:\/\/transportandmore.eu\/fr\/wp-json\/wp\/v2\/comments?post=193"}],"version-history":[{"count":15,"href":"https:\/\/transportandmore.eu\/fr\/wp-json\/wp\/v2\/pages\/193\/revisions"}],"predecessor-version":[{"id":660,"href":"https:\/\/transportandmore.eu\/fr\/wp-json\/wp\/v2\/pages\/193\/revisions\/660"}],"wp:attachment":[{"href":"https:\/\/transportandmore.eu\/fr\/wp-json\/wp\/v2\/media?parent=193"}],"curies":[{"name":"wp","href":"https:\/\/api.w.org\/{rel}","templated":true}]}}