{"id":165,"date":"2022-01-10T16:00:26","date_gmt":"2022-01-10T15:00:26","guid":{"rendered":"https:\/\/transportandmore.eu\/?page_id=165"},"modified":"2024-04-19T11:47:15","modified_gmt":"2024-04-19T09:47:15","slug":"a-propos","status":"publish","type":"page","link":"https:\/\/transportandmore.eu\/fr\/a-propos\/","title":{"rendered":"A propos"},"content":{"rendered":"\n<div class=\"wp-block-cover has-parallax is-light has-white-color has-text-color has-link-color wp-elements-aa42f94349a053e320c7317b2ed00640\"><span aria-hidden=\"true\" class=\"wp-block-cover__background has-background-dim-30 has-background-dim\"><\/span><div role=\"img\" class=\"wp-block-cover__image-background wp-image-212 has-parallax\" style=\"background-position:50% 50%;background-image:url(https:\/\/transportandmore.eu\/wp-content\/uploads\/2022\/01\/futuracargo-transport-logistique-a-propos.jpg)\"><\/div><div class=\"wp-block-cover__inner-container is-layout-flow wp-block-cover-is-layout-flow\">\n<h1 class=\"wp-block-heading\">A propos<\/h1>\n\n\n\n<p>Notre mot d\u2019ordre\u00a0: engagement<\/p>\n<\/div><\/div>\n\n\n\n<blockquote class=\"wp-block-quote has-text-align-center is-style-large is-layout-flow wp-block-quote-is-layout-flow\">\n<p>Notre premier engagement\u00a0: votre satisfaction\u00a0!<\/p>\n<\/blockquote>\n\n\n\n<div class=\"wp-block-media-text alignwide is-stacked-on-mobile is-vertically-aligned-center\"><figure class=\"wp-block-media-text__media\"><img decoding=\"async\" width=\"1024\" height=\"576\" src=\"https:\/\/transportandmore.eu\/wp-content\/uploads\/2022\/01\/futuracargo-transport-logistique-a-propos-map-1024x576.jpg\" alt=\"\" class=\"wp-image-218 size-full\" srcset=\"https:\/\/transportandmore.eu\/wp-content\/uploads\/2022\/01\/futuracargo-transport-logistique-a-propos-map-1024x576.jpg 1024w, https:\/\/transportandmore.eu\/wp-content\/uploads\/2022\/01\/futuracargo-transport-logistique-a-propos-map-300x169.jpg 300w, https:\/\/transportandmore.eu\/wp-content\/uploads\/2022\/01\/futuracargo-transport-logistique-a-propos-map-768x432.jpg 768w, https:\/\/transportandmore.eu\/wp-content\/uploads\/2022\/01\/futuracargo-transport-logistique-a-propos-map-1536x864.jpg 1536w, https:\/\/transportandmore.eu\/wp-content\/uploads\/2022\/01\/futuracargo-transport-logistique-a-propos-map.jpg 1920w\" sizes=\"(max-width: 1024px) 100vw, 1024px\" \/><\/figure><div class=\"wp-block-media-text__content\">\n<p>Fast Cargo Logistics est un op\u00e9rateur de transport situ\u00e9 au c\u0153ur de l\u2019Europe, au Grand-Duch\u00e9 de Luxembourg depuis 2012.<\/p>\n\n\n\n<p>Notre r\u00e9seau est pr\u00e9sent en Europe et des partenariats strat\u00e9giques ont \u00e9t\u00e9 nou\u00e9s afin de rejoindre les pays plus lointains. Notre r\u00e9seau est notre force&nbsp;!<\/p>\n\n\n\n<p>Nos \u00e9quipes polyglottes mettent leur savoir-faire \u00e0 disposition de nos clients pour apporter quotidiennement les solutions transports attendues. Elles sont notre capital&nbsp;!<\/p>\n\n\n\n<p>L\u2019acier, le papier, le bois, les produits de consommations, l\u2019automotive et bien d\u2019autres sont tous les jours charg\u00e9s par notre flotte et nos partenaires qui sont s\u00e9lectionn\u00e9s selon nos s\u00e9v\u00e8res crit\u00e8res qualit\u00e9.<\/p>\n\n\n\n<p>Nos indicateurs de performance permettent une am\u00e9lioration constante de notre service pour que la satisfaction de nos clients soit quotidienne.<\/p>\n\n\n<a class=\"qodef-m-button qodef-html--link qodef-button qodef-layout--textual \" href=\"\/#contact\"><span class=\"qodef-m-button-icon\"><svg class=\"qodef-svg--plus\" xmlns=\"http:\/\/www.w3.org\/2000\/svg\" xmlns:xlink=\"http:\/\/www.w3.org\/1999\/xlink\" width=\"14\" height=\"14\" viewBox=\"0 0 14 14\"><path class=\"qodef-m-horizontal\" d=\"M0,0H14V2H0Z\" transform=\"translate(0 6)\"><\/path><path class=\"qodef-m-vertical\" d=\"M0,0H2V14H0Z\" transform=\"translate(6)\"><\/path><\/svg><\/span><span class=\"qodef-m-button-text\">Contactez-nous<\/span><\/a><\/div><\/div>\n","protected":false},"excerpt":{"rendered":"<p>Notre premier engagement\u00a0: votre satisfaction\u00a0!<\/p>\n","protected":false},"author":1,"featured_media":0,"parent":0,"menu_order":0,"comment_status":"closed","ping_status":"closed","template":"","meta":{"_acf_changed":false,"footnotes":""},"class_list":["post-165","page","type-page","status-publish","hentry"],"acf":[],"yoast_head":"<!-- This site is optimized with the Yoast SEO plugin v26.5 - https:\/\/yoast.com\/wordpress\/plugins\/seo\/ -->\n<title>A propos - Fast Cargo Logistics - Transport and more<\/title>\n<meta name=\"description\" content=\"Fast Cargo Logistics, op\u00e9rateur de transport situ\u00e9 au Luxembourg. Notre expertise et notre engagement garantissent la satisfaction client.\" \/>\n<meta name=\"robots\" content=\"index, follow, max-snippet:-1, max-image-preview:large, max-video-preview:-1\" \/>\n<link rel=\"canonical\" href=\"https:\/\/transportandmore.eu\/fr\/a-propos\/\" \/>\n<meta property=\"og:locale\" content=\"fr_FR\" \/>\n<meta property=\"og:type\" content=\"article\" \/>\n<meta property=\"og:title\" content=\"A propos - Fast Cargo Logistics - Transport and more\" \/>\n<meta property=\"og:description\" content=\"Fast Cargo Logistics, op\u00e9rateur de transport situ\u00e9 au Luxembourg. Notre expertise et notre engagement garantissent la satisfaction client.\" \/>\n<meta property=\"og:url\" content=\"https:\/\/transportandmore.eu\/fr\/a-propos\/\" \/>\n<meta property=\"og:site_name\" content=\"Fast Cargo Logistics\" \/>\n<meta property=\"article:modified_time\" content=\"2024-04-19T09:47:15+00:00\" \/>\n<meta property=\"og:image\" content=\"https:\/\/transportandmore.eu\/wp-content\/uploads\/2022\/01\/futuracargo-transport-logistique-a-propos-map-1024x576.jpg\" \/>\n<meta name=\"twitter:card\" content=\"summary_large_image\" \/>\n<meta name=\"twitter:label1\" content=\"Dur\u00e9e de lecture estim\u00e9e\" \/>\n\t<meta name=\"twitter:data1\" content=\"1 minute\" \/>\n<script type=\"application\/ld+json\" class=\"yoast-schema-graph\">{\"@context\":\"https:\/\/schema.org\",\"@graph\":[{\"@type\":\"WebPage\",\"@id\":\"https:\/\/transportandmore.eu\/fr\/a-propos\/\",\"url\":\"https:\/\/transportandmore.eu\/fr\/a-propos\/\",\"name\":\"A propos - Fast Cargo Logistics - Transport and more\",\"isPartOf\":{\"@id\":\"https:\/\/transportandmore.eu\/#website\"},\"primaryImageOfPage\":{\"@id\":\"https:\/\/transportandmore.eu\/fr\/a-propos\/#primaryimage\"},\"image\":{\"@id\":\"https:\/\/transportandmore.eu\/fr\/a-propos\/#primaryimage\"},\"thumbnailUrl\":\"https:\/\/transportandmore.eu\/wp-content\/uploads\/2022\/01\/futuracargo-transport-logistique-a-propos-map-1024x576.jpg\",\"datePublished\":\"2022-01-10T15:00:26+00:00\",\"dateModified\":\"2024-04-19T09:47:15+00:00\",\"description\":\"Fast Cargo Logistics, op\u00e9rateur de transport situ\u00e9 au Luxembourg. Notre expertise et notre engagement garantissent la satisfaction client.\",\"breadcrumb\":{\"@id\":\"https:\/\/transportandmore.eu\/fr\/a-propos\/#breadcrumb\"},\"inLanguage\":\"fr-FR\",\"potentialAction\":[{\"@type\":\"ReadAction\",\"target\":[\"https:\/\/transportandmore.eu\/fr\/a-propos\/\"]}]},{\"@type\":\"ImageObject\",\"inLanguage\":\"fr-FR\",\"@id\":\"https:\/\/transportandmore.eu\/fr\/a-propos\/#primaryimage\",\"url\":\"https:\/\/transportandmore.eu\/wp-content\/uploads\/2022\/01\/futuracargo-transport-logistique-a-propos-map-1024x576.jpg\",\"contentUrl\":\"https:\/\/transportandmore.eu\/wp-content\/uploads\/2022\/01\/futuracargo-transport-logistique-a-propos-map-1024x576.jpg\"},{\"@type\":\"BreadcrumbList\",\"@id\":\"https:\/\/transportandmore.eu\/fr\/a-propos\/#breadcrumb\",\"itemListElement\":[{\"@type\":\"ListItem\",\"position\":1,\"name\":\"Home\",\"item\":\"https:\/\/transportandmore.eu\/fr\/\"},{\"@type\":\"ListItem\",\"position\":2,\"name\":\"A propos\"}]},{\"@type\":\"WebSite\",\"@id\":\"https:\/\/transportandmore.eu\/#website\",\"url\":\"https:\/\/transportandmore.eu\/\",\"name\":\"Fast Cargo Logistics\",\"description\":\"Transport and more\",\"publisher\":{\"@id\":\"https:\/\/transportandmore.eu\/#organization\"},\"alternateName\":\"FCL\",\"potentialAction\":[{\"@type\":\"SearchAction\",\"target\":{\"@type\":\"EntryPoint\",\"urlTemplate\":\"https:\/\/transportandmore.eu\/?s={search_term_string}\"},\"query-input\":{\"@type\":\"PropertyValueSpecification\",\"valueRequired\":true,\"valueName\":\"search_term_string\"}}],\"inLanguage\":\"fr-FR\"},{\"@type\":\"Organization\",\"@id\":\"https:\/\/transportandmore.eu\/#organization\",\"name\":\"Fast Cargo Logistics\",\"alternateName\":\"FCL\",\"url\":\"https:\/\/transportandmore.eu\/\",\"logo\":{\"@type\":\"ImageObject\",\"inLanguage\":\"fr-FR\",\"@id\":\"https:\/\/transportandmore.eu\/#\/schema\/logo\/image\/\",\"url\":\"https:\/\/transportandmore.eu\/wp-content\/uploads\/2024\/04\/logo-social.png\",\"contentUrl\":\"https:\/\/transportandmore.eu\/wp-content\/uploads\/2024\/04\/logo-social.png\",\"width\":696,\"height\":696,\"caption\":\"Fast Cargo Logistics\"},\"image\":{\"@id\":\"https:\/\/transportandmore.eu\/#\/schema\/logo\/image\/\"}}]}<\/script>\n<!-- \/ Yoast SEO plugin. -->","yoast_head_json":{"title":"A propos - Fast Cargo Logistics - Transport and more","description":"Fast Cargo Logistics, op\u00e9rateur de transport situ\u00e9 au Luxembourg. Notre expertise et notre engagement garantissent la satisfaction client.","robots":{"index":"index","follow":"follow","max-snippet":"max-snippet:-1","max-image-preview":"max-image-preview:large","max-video-preview":"max-video-preview:-1"},"canonical":"https:\/\/transportandmore.eu\/fr\/a-propos\/","og_locale":"fr_FR","og_type":"article","og_title":"A propos - Fast Cargo Logistics - Transport and more","og_description":"Fast Cargo Logistics, op\u00e9rateur de transport situ\u00e9 au Luxembourg. Notre expertise et notre engagement garantissent la satisfaction client.","og_url":"https:\/\/transportandmore.eu\/fr\/a-propos\/","og_site_name":"Fast Cargo Logistics","article_modified_time":"2024-04-19T09:47:15+00:00","og_image":[{"url":"https:\/\/transportandmore.eu\/wp-content\/uploads\/2022\/01\/futuracargo-transport-logistique-a-propos-map-1024x576.jpg","type":"","width":"","height":""}],"twitter_card":"summary_large_image","twitter_misc":{"Dur\u00e9e de lecture estim\u00e9e":"1 minute"},"schema":{"@context":"https:\/\/schema.org","@graph":[{"@type":"WebPage","@id":"https:\/\/transportandmore.eu\/fr\/a-propos\/","url":"https:\/\/transportandmore.eu\/fr\/a-propos\/","name":"A propos - Fast Cargo Logistics - Transport and more","isPartOf":{"@id":"https:\/\/transportandmore.eu\/#website"},"primaryImageOfPage":{"@id":"https:\/\/transportandmore.eu\/fr\/a-propos\/#primaryimage"},"image":{"@id":"https:\/\/transportandmore.eu\/fr\/a-propos\/#primaryimage"},"thumbnailUrl":"https:\/\/transportandmore.eu\/wp-content\/uploads\/2022\/01\/futuracargo-transport-logistique-a-propos-map-1024x576.jpg","datePublished":"2022-01-10T15:00:26+00:00","dateModified":"2024-04-19T09:47:15+00:00","description":"Fast Cargo Logistics, op\u00e9rateur de transport situ\u00e9 au Luxembourg. Notre expertise et notre engagement garantissent la satisfaction client.","breadcrumb":{"@id":"https:\/\/transportandmore.eu\/fr\/a-propos\/#breadcrumb"},"inLanguage":"fr-FR","potentialAction":[{"@type":"ReadAction","target":["https:\/\/transportandmore.eu\/fr\/a-propos\/"]}]},{"@type":"ImageObject","inLanguage":"fr-FR","@id":"https:\/\/transportandmore.eu\/fr\/a-propos\/#primaryimage","url":"https:\/\/transportandmore.eu\/wp-content\/uploads\/2022\/01\/futuracargo-transport-logistique-a-propos-map-1024x576.jpg","contentUrl":"https:\/\/transportandmore.eu\/wp-content\/uploads\/2022\/01\/futuracargo-transport-logistique-a-propos-map-1024x576.jpg"},{"@type":"BreadcrumbList","@id":"https:\/\/transportandmore.eu\/fr\/a-propos\/#breadcrumb","itemListElement":[{"@type":"ListItem","position":1,"name":"Home","item":"https:\/\/transportandmore.eu\/fr\/"},{"@type":"ListItem","position":2,"name":"A propos"}]},{"@type":"WebSite","@id":"https:\/\/transportandmore.eu\/#website","url":"https:\/\/transportandmore.eu\/","name":"Fast Cargo Logistics","description":"Transport and more","publisher":{"@id":"https:\/\/transportandmore.eu\/#organization"},"alternateName":"FCL","potentialAction":[{"@type":"SearchAction","target":{"@type":"EntryPoint","urlTemplate":"https:\/\/transportandmore.eu\/?s={search_term_string}"},"query-input":{"@type":"PropertyValueSpecification","valueRequired":true,"valueName":"search_term_string"}}],"inLanguage":"fr-FR"},{"@type":"Organization","@id":"https:\/\/transportandmore.eu\/#organization","name":"Fast Cargo Logistics","alternateName":"FCL","url":"https:\/\/transportandmore.eu\/","logo":{"@type":"ImageObject","inLanguage":"fr-FR","@id":"https:\/\/transportandmore.eu\/#\/schema\/logo\/image\/","url":"https:\/\/transportandmore.eu\/wp-content\/uploads\/2024\/04\/logo-social.png","contentUrl":"https:\/\/transportandmore.eu\/wp-content\/uploads\/2024\/04\/logo-social.png","width":696,"height":696,"caption":"Fast Cargo Logistics"},"image":{"@id":"https:\/\/transportandmore.eu\/#\/schema\/logo\/image\/"}}]}},"_links":{"self":[{"href":"https:\/\/transportandmore.eu\/fr\/wp-json\/wp\/v2\/pages\/165","targetHints":{"allow":["GET"]}}],"collection":[{"href":"https:\/\/transportandmore.eu\/fr\/wp-json\/wp\/v2\/pages"}],"about":[{"href":"https:\/\/transportandmore.eu\/fr\/wp-json\/wp\/v2\/types\/page"}],"author":[{"embeddable":true,"href":"https:\/\/transportandmore.eu\/fr\/wp-json\/wp\/v2\/users\/1"}],"replies":[{"embeddable":true,"href":"https:\/\/transportandmore.eu\/fr\/wp-json\/wp\/v2\/comments?post=165"}],"version-history":[{"count":23,"href":"https:\/\/transportandmore.eu\/fr\/wp-json\/wp\/v2\/pages\/165\/revisions"}],"predecessor-version":[{"id":646,"href":"https:\/\/transportandmore.eu\/fr\/wp-json\/wp\/v2\/pages\/165\/revisions\/646"}],"wp:attachment":[{"href":"https:\/\/transportandmore.eu\/fr\/wp-json\/wp\/v2\/media?parent=165"}],"curies":[{"name":"wp","href":"https:\/\/api.w.org\/{rel}","templated":true}]}}