{"id":394,"date":"2022-01-11T16:04:17","date_gmt":"2022-01-11T15:04:17","guid":{"rendered":"https:\/\/transportandmore.eu\/?page_id=394"},"modified":"2024-04-17T14:49:44","modified_gmt":"2024-04-17T12:49:44","slug":"impressum","status":"publish","type":"page","link":"https:\/\/transportandmore.eu\/de\/impressum\/","title":{"rendered":"Impressum"},"content":{"rendered":"\n<div style=\"height:100px\" aria-hidden=\"true\" class=\"wp-block-spacer\"><\/div>\n\n\n\n<h1 class=\"wp-block-heading has-text-align-center has-black-color has-text-color has-link-color wp-elements-59043953a301da4c7c163b64c1fd9a15\">Impressum<\/h1>\n\n\n\n<p>Fast Cargo Logistics<br>34 Kirchenstra\u00dfe<br>L-3636 Kayl<br>Luxemburg<\/p>\n\n\n\n<p>Fast Cargo Logistics S\u00e0rl<br>MwSt. \/ MwSt.-Nr. LU 25144318 RC B166045, Aut.min. 10021124, Grundkapital 60.000 \u20ac<\/p>\n\n\n\n<p>Herausgeber: M. CAMPLONE<\/p>\n\n\n\n<h2 class=\"wp-block-heading\">Design, Produktion und Hosting:<\/h2>\n\n\n\n<p>Die Site wird von NETSIVE entwickelt und gehostet.<\/p>\n\n\n\n<p>Netsive SARL<br>Nr. 8 Halle 3, Z.I Am Bruch<br>L-3327 &#8211; Crauthem (Luxemburg)<br>E-Mail: contact@netsive.com<br>Telefon: +352 27 12 61 74<br>www.netsive.com<\/p>\n\n\n\n<h2 class=\"wp-block-heading\">Nutzungsbedingungen<\/h2>\n\n\n\n<p>Der Nutzer erkennt an, diese rechtlichen Hinweise gelesen zu haben und verpflichtet sich, diese einzuhalten. Er best\u00e4tigt, \u00fcberpr\u00fcft zu haben, dass die von ihm verwendete Computerkonfiguration keine Viren oder sonstige \u201eb\u00f6sartige Software\u201c enth\u00e4lt und in einwandfreiem Zustand ist. Der Nutzer ist allein verantwortlich f\u00fcr die Auswahl, Verwendung und Interpretation der von ihm abgerufenen, abgefragten und \u00fcber das Internet \u00fcbermittelten Daten.<\/p>\n\n\n\n<h2 class=\"wp-block-heading\">Inhaltsseite<\/h2>\n\n\n\n<p>Fast Cargo Logistics beh\u00e4lt sich das Recht vor, den Inhalt dieser Website jederzeit und ohne vorherige Ank\u00fcndigung zu korrigieren. Fast Cargo Logistics bem\u00fcht sich, den Benutzern Informationen zur Verf\u00fcgung zu stellen, kann jedoch nicht f\u00fcr Fehler, fehlende Verf\u00fcgbarkeit oder veraltete Informationen verantwortlich gemacht werden. In keinem Fall k\u00f6nnen die auf dieser Site enthaltenen Informationen eine Garantie im Falle von Fehlern darstellen.<br>Der Benutzer, der Ungenauigkeiten oder fehlerhafte Informationen feststellt, wird gebeten, Fast Cargo Logistics \u00fcber das Kontaktformular zu informieren.<\/p>\n\n\n\n<h2 class=\"wp-block-heading\">Urheberrechte<\/h2>\n\n\n\n<p>Alle auf der Site verf\u00fcgbaren Informationen sind urheberrechtlich gesch\u00fctzt. Sofern nicht anders angegeben, ist die Vervielf\u00e4ltigung der Texte dieser Site zu kommerziellen oder nichtkommerziellen Zwecken untersagt.<br>Jede Ausnahme von diesen Regeln bedarf der vorherigen schriftlichen Zustimmung von Fast Cargo Logistics.<br>Bildnachweis: Sofern nicht anders angegeben, sind die Fotos auf dieser Website urheberrechtlich gesch\u00fctzt.<\/p>\n\n\n\n<h2 class=\"wp-block-heading\">Datenschutz<\/h2>\n\n\n\n<p>Gem\u00e4\u00df dem Gesetz vom 2. August 2002 zum Schutz nat\u00fcrlicher Personen bei der Verarbeitung personenbezogener Daten (siehe unter http:\/\/www.legilux.lu\/) hat der Nutzer der Website insbesondere ein Recht auf Zugang, Berichtigung und L\u00f6schung der ihn betreffenden personenbezogenen Daten. Der Nutzer kann diese Rechte durch eine Nachricht an Fast Cargo Logistics aus\u00fcben.<\/p>\n\n\n\n<h2 class=\"wp-block-heading\">Kontakt<\/h2>\n\n\n\n<p>Fast Cargo Logistics SARL<br>34 Rue de l\u2019\u00e9glise<br>L-3636 Kayl<br>Luxemburg<\/p>\n\n\n\n<div style=\"height:100px\" aria-hidden=\"true\" class=\"wp-block-spacer\"><\/div>\n","protected":false},"excerpt":{"rendered":"<p>Impressum Fast Cargo Logistics34 Kirchenstra\u00dfeL-3636 KaylLuxemburg Fast Cargo Logistics S\u00e0rlMwSt. \/ MwSt.-Nr. LU 25144318 RC B166045, Aut.min. 10021124, Grundkapital 60.000 \u20ac Herausgeber: M. CAMPLONE Design, Produktion und Hosting: Die Site wird von NETSIVE entwickelt und gehostet. Netsive SARLNr. 8 Halle 3, Z.I Am BruchL-3327 &#8211; Crauthem (Luxemburg)E-Mail: contact@netsive.comTelefon: +352 27 12 61 74www.netsive.com Nutzungsbedingungen Der [&hellip;]<\/p>\n","protected":false},"author":1,"featured_media":0,"parent":0,"menu_order":0,"comment_status":"closed","ping_status":"closed","template":"","meta":{"_acf_changed":false,"footnotes":""},"class_list":["post-394","page","type-page","status-publish","hentry"],"acf":[],"yoast_head":"<!-- This site is optimized with the Yoast SEO plugin v26.5 - https:\/\/yoast.com\/wordpress\/plugins\/seo\/ -->\n<title>Impressum - Fast Cargo Logistics<\/title>\n<meta name=\"robots\" content=\"index, follow, max-snippet:-1, max-image-preview:large, max-video-preview:-1\" \/>\n<link rel=\"canonical\" href=\"https:\/\/transportandmore.eu\/de\/impressum\/\" \/>\n<meta property=\"og:locale\" content=\"de_DE\" \/>\n<meta property=\"og:type\" content=\"article\" \/>\n<meta property=\"og:title\" content=\"Impressum - Fast Cargo Logistics\" \/>\n<meta property=\"og:description\" content=\"Impressum Fast Cargo Logistics34 Kirchenstra\u00dfeL-3636 KaylLuxemburg Fast Cargo Logistics S\u00e0rlMwSt. \/ MwSt.-Nr. LU 25144318 RC B166045, Aut.min. 10021124, Grundkapital 60.000 \u20ac Herausgeber: M. CAMPLONE Design, Produktion und Hosting: Die Site wird von NETSIVE entwickelt und gehostet. Netsive SARLNr. 8 Halle 3, Z.I Am BruchL-3327 &#8211; Crauthem (Luxemburg)E-Mail: contact@netsive.comTelefon: +352 27 12 61 74www.netsive.com Nutzungsbedingungen Der [&hellip;]\" \/>\n<meta property=\"og:url\" content=\"https:\/\/transportandmore.eu\/de\/impressum\/\" \/>\n<meta property=\"og:site_name\" content=\"Fast Cargo Logistics\" \/>\n<meta property=\"article:modified_time\" content=\"2024-04-17T12:49:44+00:00\" \/>\n<meta property=\"og:image\" content=\"https:\/\/transportandmore.eu\/wp-content\/uploads\/2024\/04\/fast-cargo-logistics-social-logo.jpg\" \/>\n\t<meta property=\"og:image:width\" content=\"1200\" \/>\n\t<meta property=\"og:image:height\" content=\"675\" \/>\n\t<meta property=\"og:image:type\" content=\"image\/jpeg\" \/>\n<meta name=\"twitter:card\" content=\"summary_large_image\" \/>\n<meta name=\"twitter:label1\" content=\"Gesch\u00e4tzte Lesezeit\" \/>\n\t<meta name=\"twitter:data1\" content=\"2\u00a0Minuten\" \/>\n<script type=\"application\/ld+json\" class=\"yoast-schema-graph\">{\"@context\":\"https:\/\/schema.org\",\"@graph\":[{\"@type\":\"WebPage\",\"@id\":\"https:\/\/transportandmore.eu\/de\/impressum\/\",\"url\":\"https:\/\/transportandmore.eu\/de\/impressum\/\",\"name\":\"Impressum - Fast Cargo Logistics\",\"isPartOf\":{\"@id\":\"https:\/\/transportandmore.eu\/#website\"},\"datePublished\":\"2022-01-11T15:04:17+00:00\",\"dateModified\":\"2024-04-17T12:49:44+00:00\",\"breadcrumb\":{\"@id\":\"https:\/\/transportandmore.eu\/de\/impressum\/#breadcrumb\"},\"inLanguage\":\"de\",\"potentialAction\":[{\"@type\":\"ReadAction\",\"target\":[\"https:\/\/transportandmore.eu\/de\/impressum\/\"]}]},{\"@type\":\"BreadcrumbList\",\"@id\":\"https:\/\/transportandmore.eu\/de\/impressum\/#breadcrumb\",\"itemListElement\":[{\"@type\":\"ListItem\",\"position\":1,\"name\":\"Home\",\"item\":\"https:\/\/transportandmore.eu\/de\/\"},{\"@type\":\"ListItem\",\"position\":2,\"name\":\"Impressum\"}]},{\"@type\":\"WebSite\",\"@id\":\"https:\/\/transportandmore.eu\/#website\",\"url\":\"https:\/\/transportandmore.eu\/\",\"name\":\"Fast Cargo Logistics\",\"description\":\"Transport and more\",\"publisher\":{\"@id\":\"https:\/\/transportandmore.eu\/#organization\"},\"alternateName\":\"FCL\",\"potentialAction\":[{\"@type\":\"SearchAction\",\"target\":{\"@type\":\"EntryPoint\",\"urlTemplate\":\"https:\/\/transportandmore.eu\/?s={search_term_string}\"},\"query-input\":{\"@type\":\"PropertyValueSpecification\",\"valueRequired\":true,\"valueName\":\"search_term_string\"}}],\"inLanguage\":\"de\"},{\"@type\":\"Organization\",\"@id\":\"https:\/\/transportandmore.eu\/#organization\",\"name\":\"Fast Cargo Logistics\",\"alternateName\":\"FCL\",\"url\":\"https:\/\/transportandmore.eu\/\",\"logo\":{\"@type\":\"ImageObject\",\"inLanguage\":\"de\",\"@id\":\"https:\/\/transportandmore.eu\/#\/schema\/logo\/image\/\",\"url\":\"https:\/\/transportandmore.eu\/wp-content\/uploads\/2024\/04\/logo-social.png\",\"contentUrl\":\"https:\/\/transportandmore.eu\/wp-content\/uploads\/2024\/04\/logo-social.png\",\"width\":696,\"height\":696,\"caption\":\"Fast Cargo Logistics\"},\"image\":{\"@id\":\"https:\/\/transportandmore.eu\/#\/schema\/logo\/image\/\"}}]}<\/script>\n<!-- \/ Yoast SEO plugin. -->","yoast_head_json":{"title":"Impressum - Fast Cargo Logistics","robots":{"index":"index","follow":"follow","max-snippet":"max-snippet:-1","max-image-preview":"max-image-preview:large","max-video-preview":"max-video-preview:-1"},"canonical":"https:\/\/transportandmore.eu\/de\/impressum\/","og_locale":"de_DE","og_type":"article","og_title":"Impressum - Fast Cargo Logistics","og_description":"Impressum Fast Cargo Logistics34 Kirchenstra\u00dfeL-3636 KaylLuxemburg Fast Cargo Logistics S\u00e0rlMwSt. \/ MwSt.-Nr. LU 25144318 RC B166045, Aut.min. 10021124, Grundkapital 60.000 \u20ac Herausgeber: M. CAMPLONE Design, Produktion und Hosting: Die Site wird von NETSIVE entwickelt und gehostet. Netsive SARLNr. 8 Halle 3, Z.I Am BruchL-3327 &#8211; Crauthem (Luxemburg)E-Mail: contact@netsive.comTelefon: +352 27 12 61 74www.netsive.com Nutzungsbedingungen Der [&hellip;]","og_url":"https:\/\/transportandmore.eu\/de\/impressum\/","og_site_name":"Fast Cargo Logistics","article_modified_time":"2024-04-17T12:49:44+00:00","og_image":[{"width":1200,"height":675,"url":"https:\/\/transportandmore.eu\/wp-content\/uploads\/2024\/04\/fast-cargo-logistics-social-logo.jpg","type":"image\/jpeg"}],"twitter_card":"summary_large_image","twitter_misc":{"Gesch\u00e4tzte Lesezeit":"2\u00a0Minuten"},"schema":{"@context":"https:\/\/schema.org","@graph":[{"@type":"WebPage","@id":"https:\/\/transportandmore.eu\/de\/impressum\/","url":"https:\/\/transportandmore.eu\/de\/impressum\/","name":"Impressum - Fast Cargo Logistics","isPartOf":{"@id":"https:\/\/transportandmore.eu\/#website"},"datePublished":"2022-01-11T15:04:17+00:00","dateModified":"2024-04-17T12:49:44+00:00","breadcrumb":{"@id":"https:\/\/transportandmore.eu\/de\/impressum\/#breadcrumb"},"inLanguage":"de","potentialAction":[{"@type":"ReadAction","target":["https:\/\/transportandmore.eu\/de\/impressum\/"]}]},{"@type":"BreadcrumbList","@id":"https:\/\/transportandmore.eu\/de\/impressum\/#breadcrumb","itemListElement":[{"@type":"ListItem","position":1,"name":"Home","item":"https:\/\/transportandmore.eu\/de\/"},{"@type":"ListItem","position":2,"name":"Impressum"}]},{"@type":"WebSite","@id":"https:\/\/transportandmore.eu\/#website","url":"https:\/\/transportandmore.eu\/","name":"Fast Cargo Logistics","description":"Transport and more","publisher":{"@id":"https:\/\/transportandmore.eu\/#organization"},"alternateName":"FCL","potentialAction":[{"@type":"SearchAction","target":{"@type":"EntryPoint","urlTemplate":"https:\/\/transportandmore.eu\/?s={search_term_string}"},"query-input":{"@type":"PropertyValueSpecification","valueRequired":true,"valueName":"search_term_string"}}],"inLanguage":"de"},{"@type":"Organization","@id":"https:\/\/transportandmore.eu\/#organization","name":"Fast Cargo Logistics","alternateName":"FCL","url":"https:\/\/transportandmore.eu\/","logo":{"@type":"ImageObject","inLanguage":"de","@id":"https:\/\/transportandmore.eu\/#\/schema\/logo\/image\/","url":"https:\/\/transportandmore.eu\/wp-content\/uploads\/2024\/04\/logo-social.png","contentUrl":"https:\/\/transportandmore.eu\/wp-content\/uploads\/2024\/04\/logo-social.png","width":696,"height":696,"caption":"Fast Cargo Logistics"},"image":{"@id":"https:\/\/transportandmore.eu\/#\/schema\/logo\/image\/"}}]}},"_links":{"self":[{"href":"https:\/\/transportandmore.eu\/de\/wp-json\/wp\/v2\/pages\/394","targetHints":{"allow":["GET"]}}],"collection":[{"href":"https:\/\/transportandmore.eu\/de\/wp-json\/wp\/v2\/pages"}],"about":[{"href":"https:\/\/transportandmore.eu\/de\/wp-json\/wp\/v2\/types\/page"}],"author":[{"embeddable":true,"href":"https:\/\/transportandmore.eu\/de\/wp-json\/wp\/v2\/users\/1"}],"replies":[{"embeddable":true,"href":"https:\/\/transportandmore.eu\/de\/wp-json\/wp\/v2\/comments?post=394"}],"version-history":[{"count":7,"href":"https:\/\/transportandmore.eu\/de\/wp-json\/wp\/v2\/pages\/394\/revisions"}],"predecessor-version":[{"id":704,"href":"https:\/\/transportandmore.eu\/de\/wp-json\/wp\/v2\/pages\/394\/revisions\/704"}],"wp:attachment":[{"href":"https:\/\/transportandmore.eu\/de\/wp-json\/wp\/v2\/media?parent=394"}],"curies":[{"name":"wp","href":"https:\/\/api.w.org\/{rel}","templated":true}]}}