{"id":314,"date":"2022-01-11T12:24:55","date_gmt":"2022-01-11T11:24:55","guid":{"rendered":"https:\/\/transportandmore.eu\/?page_id=314"},"modified":"2024-04-17T11:43:35","modified_gmt":"2024-04-17T09:43:35","slug":"kunden","status":"publish","type":"page","link":"https:\/\/transportandmore.eu\/de\/kunden\/","title":{"rendered":"Kunden"},"content":{"rendered":"\n<div class=\"wp-block-cover is-light has-parallax has-white-color has-text-color has-link-color wp-elements-c8c72c988cdc3f01da96b973e5332524\"><span aria-hidden=\"true\" class=\"wp-block-cover__background has-background-dim-30 has-background-dim\"><\/span><div role=\"img\" class=\"wp-block-cover__image-background wp-image-276 has-parallax\" style=\"background-position:50% 50%;background-image:url(https:\/\/transportandmore.eu\/wp-content\/uploads\/2022\/01\/futuracargo-transport-logistique-client-1.jpg)\"><\/div><div class=\"wp-block-cover__inner-container is-layout-flow wp-block-cover-is-layout-flow\">\n<h1 class=\"wp-block-heading\">Kunden<\/h1>\n\n\n\n<p>Unsere Expertise zu Ihren Diensten<\/p>\n<\/div><\/div>\n\n\n\n<blockquote class=\"wp-block-quote has-text-align-center is-style-large is-layout-flow wp-block-quote-is-layout-flow\">\n<p>Weil wir es sagen und vor allem \u2026 Wir machen es!<\/p>\n<\/blockquote>\n\n\n\n<div class=\"wp-block-media-text alignwide is-stacked-on-mobile is-vertically-aligned-center\"><figure class=\"wp-block-media-text__media\"><img decoding=\"async\" width=\"1024\" height=\"473\" src=\"https:\/\/transportandmore.eu\/wp-content\/uploads\/2022\/01\/futuracargo-transport-logistique-clients-1-1024x473.jpg\" alt=\"\" class=\"wp-image-228 size-full\" srcset=\"https:\/\/transportandmore.eu\/wp-content\/uploads\/2022\/01\/futuracargo-transport-logistique-clients-1-1024x473.jpg 1024w, https:\/\/transportandmore.eu\/wp-content\/uploads\/2022\/01\/futuracargo-transport-logistique-clients-1-300x139.jpg 300w, https:\/\/transportandmore.eu\/wp-content\/uploads\/2022\/01\/futuracargo-transport-logistique-clients-1-768x355.jpg 768w, https:\/\/transportandmore.eu\/wp-content\/uploads\/2022\/01\/futuracargo-transport-logistique-clients-1.jpg 1400w\" sizes=\"(max-width: 1024px) 100vw, 1024px\" \/><\/figure><div class=\"wp-block-media-text__content\">\n<p>Wir bieten verschiedene L\u00f6sungen an, um Ihnen einen wirklichen Mehrwert zu bringen.<\/p>\n\n\n\n<p>Wir k\u00f6nnen Ihre Fracht mit modernen und flexiblen Informationsl\u00f6sungen verwalten um Ihnen eine dauerhafte R\u00fcckverfolgbarkeit zu garantieren.<\/p>\n\n\n\n<p>Unsere Kunden sind sowohl multinationale Konzerne als auch kleine mittelst\u00e4ndische Unternehmen. Jeder hat seine eigene L\u00f6sung und wird individuell betreut.<\/p>\n\n\n\n<p>Unser Engagement und unsere Transparenz bei der t\u00e4glichen Verwaltung Ihrer Sendungen sind der Schl\u00fcssel zu unserer Entwicklung und Ihrem Erfolg.<\/p>\n\n\n<a class=\"qodef-m-button qodef-html--link qodef-button qodef-layout--textual \" href=\"\/de\/#contact\"><span class=\"qodef-m-button-icon\"><svg class=\"qodef-svg--plus\" xmlns=\"http:\/\/www.w3.org\/2000\/svg\" xmlns:xlink=\"http:\/\/www.w3.org\/1999\/xlink\" width=\"14\" height=\"14\" viewBox=\"0 0 14 14\"><path class=\"qodef-m-horizontal\" d=\"M0,0H14V2H0Z\" transform=\"translate(0 6)\"><\/path><path class=\"qodef-m-vertical\" d=\"M0,0H2V14H0Z\" transform=\"translate(6)\"><\/path><\/svg><\/span><span class=\"qodef-m-button-text\">Kontaktiere uns<\/span><\/a><\/div><\/div>\n","protected":false},"excerpt":{"rendered":"<p>Weil wir es sagen und vor allem \u2026 Wir machen es!<\/p>\n","protected":false},"author":1,"featured_media":0,"parent":0,"menu_order":0,"comment_status":"closed","ping_status":"closed","template":"","meta":{"_acf_changed":false,"footnotes":""},"class_list":["post-314","page","type-page","status-publish","hentry"],"acf":[],"yoast_head":"<!-- This site is optimized with the Yoast SEO plugin v26.5 - https:\/\/yoast.com\/wordpress\/plugins\/seo\/ -->\n<title>Kunden - Fast Cargo Logistics<\/title>\n<meta name=\"robots\" content=\"index, follow, max-snippet:-1, max-image-preview:large, max-video-preview:-1\" \/>\n<link rel=\"canonical\" href=\"https:\/\/transportandmore.eu\/de\/kunden\/\" \/>\n<meta property=\"og:locale\" content=\"de_DE\" \/>\n<meta property=\"og:type\" content=\"article\" \/>\n<meta property=\"og:title\" content=\"Kunden - Fast Cargo Logistics\" \/>\n<meta property=\"og:description\" content=\"Weil wir es sagen und vor allem \u2026 Wir machen es!\" \/>\n<meta property=\"og:url\" content=\"https:\/\/transportandmore.eu\/de\/kunden\/\" \/>\n<meta property=\"og:site_name\" content=\"Fast Cargo Logistics\" \/>\n<meta property=\"article:modified_time\" content=\"2024-04-17T09:43:35+00:00\" \/>\n<meta property=\"og:image\" content=\"https:\/\/transportandmore.eu\/wp-content\/uploads\/2022\/01\/futuracargo-transport-logistique-clients-1-1024x473.jpg\" \/>\n<meta name=\"twitter:card\" content=\"summary_large_image\" \/>\n<meta name=\"twitter:label1\" content=\"Gesch\u00e4tzte Lesezeit\" \/>\n\t<meta name=\"twitter:data1\" content=\"1\u00a0Minute\" \/>\n<script type=\"application\/ld+json\" class=\"yoast-schema-graph\">{\"@context\":\"https:\/\/schema.org\",\"@graph\":[{\"@type\":\"WebPage\",\"@id\":\"https:\/\/transportandmore.eu\/de\/kunden\/\",\"url\":\"https:\/\/transportandmore.eu\/de\/kunden\/\",\"name\":\"Kunden - Fast Cargo Logistics\",\"isPartOf\":{\"@id\":\"https:\/\/transportandmore.eu\/#website\"},\"primaryImageOfPage\":{\"@id\":\"https:\/\/transportandmore.eu\/de\/kunden\/#primaryimage\"},\"image\":{\"@id\":\"https:\/\/transportandmore.eu\/de\/kunden\/#primaryimage\"},\"thumbnailUrl\":\"https:\/\/transportandmore.eu\/wp-content\/uploads\/2022\/01\/futuracargo-transport-logistique-clients-1-1024x473.jpg\",\"datePublished\":\"2022-01-11T11:24:55+00:00\",\"dateModified\":\"2024-04-17T09:43:35+00:00\",\"breadcrumb\":{\"@id\":\"https:\/\/transportandmore.eu\/de\/kunden\/#breadcrumb\"},\"inLanguage\":\"de\",\"potentialAction\":[{\"@type\":\"ReadAction\",\"target\":[\"https:\/\/transportandmore.eu\/de\/kunden\/\"]}]},{\"@type\":\"ImageObject\",\"inLanguage\":\"de\",\"@id\":\"https:\/\/transportandmore.eu\/de\/kunden\/#primaryimage\",\"url\":\"https:\/\/transportandmore.eu\/wp-content\/uploads\/2022\/01\/futuracargo-transport-logistique-clients-1-1024x473.jpg\",\"contentUrl\":\"https:\/\/transportandmore.eu\/wp-content\/uploads\/2022\/01\/futuracargo-transport-logistique-clients-1-1024x473.jpg\"},{\"@type\":\"BreadcrumbList\",\"@id\":\"https:\/\/transportandmore.eu\/de\/kunden\/#breadcrumb\",\"itemListElement\":[{\"@type\":\"ListItem\",\"position\":1,\"name\":\"Home\",\"item\":\"https:\/\/transportandmore.eu\/de\/\"},{\"@type\":\"ListItem\",\"position\":2,\"name\":\"Kunden\"}]},{\"@type\":\"WebSite\",\"@id\":\"https:\/\/transportandmore.eu\/#website\",\"url\":\"https:\/\/transportandmore.eu\/\",\"name\":\"Fast Cargo Logistics\",\"description\":\"Transport and more\",\"publisher\":{\"@id\":\"https:\/\/transportandmore.eu\/#organization\"},\"alternateName\":\"FCL\",\"potentialAction\":[{\"@type\":\"SearchAction\",\"target\":{\"@type\":\"EntryPoint\",\"urlTemplate\":\"https:\/\/transportandmore.eu\/?s={search_term_string}\"},\"query-input\":{\"@type\":\"PropertyValueSpecification\",\"valueRequired\":true,\"valueName\":\"search_term_string\"}}],\"inLanguage\":\"de\"},{\"@type\":\"Organization\",\"@id\":\"https:\/\/transportandmore.eu\/#organization\",\"name\":\"Fast Cargo Logistics\",\"alternateName\":\"FCL\",\"url\":\"https:\/\/transportandmore.eu\/\",\"logo\":{\"@type\":\"ImageObject\",\"inLanguage\":\"de\",\"@id\":\"https:\/\/transportandmore.eu\/#\/schema\/logo\/image\/\",\"url\":\"https:\/\/transportandmore.eu\/wp-content\/uploads\/2024\/04\/logo-social.png\",\"contentUrl\":\"https:\/\/transportandmore.eu\/wp-content\/uploads\/2024\/04\/logo-social.png\",\"width\":696,\"height\":696,\"caption\":\"Fast Cargo Logistics\"},\"image\":{\"@id\":\"https:\/\/transportandmore.eu\/#\/schema\/logo\/image\/\"}}]}<\/script>\n<!-- \/ Yoast SEO plugin. -->","yoast_head_json":{"title":"Kunden - Fast Cargo Logistics","robots":{"index":"index","follow":"follow","max-snippet":"max-snippet:-1","max-image-preview":"max-image-preview:large","max-video-preview":"max-video-preview:-1"},"canonical":"https:\/\/transportandmore.eu\/de\/kunden\/","og_locale":"de_DE","og_type":"article","og_title":"Kunden - Fast Cargo Logistics","og_description":"Weil wir es sagen und vor allem \u2026 Wir machen es!","og_url":"https:\/\/transportandmore.eu\/de\/kunden\/","og_site_name":"Fast Cargo Logistics","article_modified_time":"2024-04-17T09:43:35+00:00","og_image":[{"url":"https:\/\/transportandmore.eu\/wp-content\/uploads\/2022\/01\/futuracargo-transport-logistique-clients-1-1024x473.jpg","type":"","width":"","height":""}],"twitter_card":"summary_large_image","twitter_misc":{"Gesch\u00e4tzte Lesezeit":"1\u00a0Minute"},"schema":{"@context":"https:\/\/schema.org","@graph":[{"@type":"WebPage","@id":"https:\/\/transportandmore.eu\/de\/kunden\/","url":"https:\/\/transportandmore.eu\/de\/kunden\/","name":"Kunden - Fast Cargo Logistics","isPartOf":{"@id":"https:\/\/transportandmore.eu\/#website"},"primaryImageOfPage":{"@id":"https:\/\/transportandmore.eu\/de\/kunden\/#primaryimage"},"image":{"@id":"https:\/\/transportandmore.eu\/de\/kunden\/#primaryimage"},"thumbnailUrl":"https:\/\/transportandmore.eu\/wp-content\/uploads\/2022\/01\/futuracargo-transport-logistique-clients-1-1024x473.jpg","datePublished":"2022-01-11T11:24:55+00:00","dateModified":"2024-04-17T09:43:35+00:00","breadcrumb":{"@id":"https:\/\/transportandmore.eu\/de\/kunden\/#breadcrumb"},"inLanguage":"de","potentialAction":[{"@type":"ReadAction","target":["https:\/\/transportandmore.eu\/de\/kunden\/"]}]},{"@type":"ImageObject","inLanguage":"de","@id":"https:\/\/transportandmore.eu\/de\/kunden\/#primaryimage","url":"https:\/\/transportandmore.eu\/wp-content\/uploads\/2022\/01\/futuracargo-transport-logistique-clients-1-1024x473.jpg","contentUrl":"https:\/\/transportandmore.eu\/wp-content\/uploads\/2022\/01\/futuracargo-transport-logistique-clients-1-1024x473.jpg"},{"@type":"BreadcrumbList","@id":"https:\/\/transportandmore.eu\/de\/kunden\/#breadcrumb","itemListElement":[{"@type":"ListItem","position":1,"name":"Home","item":"https:\/\/transportandmore.eu\/de\/"},{"@type":"ListItem","position":2,"name":"Kunden"}]},{"@type":"WebSite","@id":"https:\/\/transportandmore.eu\/#website","url":"https:\/\/transportandmore.eu\/","name":"Fast Cargo Logistics","description":"Transport and more","publisher":{"@id":"https:\/\/transportandmore.eu\/#organization"},"alternateName":"FCL","potentialAction":[{"@type":"SearchAction","target":{"@type":"EntryPoint","urlTemplate":"https:\/\/transportandmore.eu\/?s={search_term_string}"},"query-input":{"@type":"PropertyValueSpecification","valueRequired":true,"valueName":"search_term_string"}}],"inLanguage":"de"},{"@type":"Organization","@id":"https:\/\/transportandmore.eu\/#organization","name":"Fast Cargo Logistics","alternateName":"FCL","url":"https:\/\/transportandmore.eu\/","logo":{"@type":"ImageObject","inLanguage":"de","@id":"https:\/\/transportandmore.eu\/#\/schema\/logo\/image\/","url":"https:\/\/transportandmore.eu\/wp-content\/uploads\/2024\/04\/logo-social.png","contentUrl":"https:\/\/transportandmore.eu\/wp-content\/uploads\/2024\/04\/logo-social.png","width":696,"height":696,"caption":"Fast Cargo Logistics"},"image":{"@id":"https:\/\/transportandmore.eu\/#\/schema\/logo\/image\/"}}]}},"_links":{"self":[{"href":"https:\/\/transportandmore.eu\/de\/wp-json\/wp\/v2\/pages\/314","targetHints":{"allow":["GET"]}}],"collection":[{"href":"https:\/\/transportandmore.eu\/de\/wp-json\/wp\/v2\/pages"}],"about":[{"href":"https:\/\/transportandmore.eu\/de\/wp-json\/wp\/v2\/types\/page"}],"author":[{"embeddable":true,"href":"https:\/\/transportandmore.eu\/de\/wp-json\/wp\/v2\/users\/1"}],"replies":[{"embeddable":true,"href":"https:\/\/transportandmore.eu\/de\/wp-json\/wp\/v2\/comments?post=314"}],"version-history":[{"count":11,"href":"https:\/\/transportandmore.eu\/de\/wp-json\/wp\/v2\/pages\/314\/revisions"}],"predecessor-version":[{"id":671,"href":"https:\/\/transportandmore.eu\/de\/wp-json\/wp\/v2\/pages\/314\/revisions\/671"}],"wp:attachment":[{"href":"https:\/\/transportandmore.eu\/de\/wp-json\/wp\/v2\/media?parent=314"}],"curies":[{"name":"wp","href":"https:\/\/api.w.org\/{rel}","templated":true}]}}